{"id":347,"date":"2021-03-10T16:45:15","date_gmt":"2021-03-10T16:45:15","guid":{"rendered":"https:\/\/dev.burpellet.com\/?page_id=347"},"modified":"2021-03-19T09:11:25","modified_gmt":"2021-03-19T09:11:25","slug":"contacto","status":"publish","type":"page","link":"https:\/\/dev.burpellet.com\/index.php\/contacto\/","title":{"rendered":"Contacto"},"content":{"rendered":"<p>[et_pb_section fb_built=\u00bb1&#8243; fullwidth=\u00bbon\u00bb admin_label=\u00bbPage Header\u00bb _builder_version=\u00bb4.8.1&#8243; background_enable_color=\u00bboff\u00bb background_image=\u00bbhttps:\/\/dev.burpellet.com\/wp-content\/uploads\/2021\/03\/cabcera-contacto.png\u00bb parallax=\u00bbon\u00bb animation_direction=\u00bbtop\u00bb][et_pb_fullwidth_header title=\u00bbContacto\u00bb subhead=\u00bbpuede enviarnos sus comentarios o sugerencias a trav\u00e9s del siguiente formulario\u00bb text_orientation=\u00bbcenter\u00bb admin_label=\u00bbHero Section\u00bb _builder_version=\u00bb4.8.1&#8243; title_level=\u00bbh2&#8243; title_font=\u00bbMontserrat|500|||||||\u00bb title_text_align=\u00bbleft\u00bb title_text_color=\u00bb#FFFFFF\u00bb title_font_size=\u00bb60px\u00bb title_line_height=\u00bb1.4em\u00bb content_font_size=\u00bb22px\u00bb content_line_height=\u00bb1.8em\u00bb subhead_font=\u00bb||||\u00bb subhead_text_align=\u00bbleft\u00bb subhead_text_color=\u00bb#FFFFFF\u00bb subhead_font_size=\u00bb24px\u00bb background_enable_color=\u00bboff\u00bb background_size=\u00bbinitial\u00bb background_position=\u00bbtop_left\u00bb background_repeat=\u00bbrepeat\u00bb custom_button_one=\u00bbon\u00bb button_one_text_size=\u00bb16px\u00bb button_one_bg_color=\u00bb#6eba01&#8243; button_one_border_width=\u00bb2px\u00bb button_one_border_color=\u00bb#6eba01&#8243; button_one_border_radius=\u00bb0&#8243; button_one_letter_spacing=\u00bb2&#8243; button_one_font=\u00bbMontserrat|||on|\u00bb button_one_use_icon=\u00bboff\u00bb custom_button_two=\u00bbon\u00bb button_two_text_size=\u00bb16px\u00bb button_two_border_width=\u00bb2px\u00bb button_two_border_color=\u00bb#ffffff\u00bb button_two_border_radius=\u00bb0&#8243; button_two_letter_spacing=\u00bb2&#8243; button_two_font=\u00bbMontserrat|||on|\u00bb button_two_use_icon=\u00bboff\u00bb module_alignment=\u00bbleft\u00bb animation_style=\u00bbfade\u00bb button_one_text_color_hover=\u00bb#6eba01&#8243; button_two_text_color_hover=\u00bb#6eba01&#8243; button_one_border_color_hover=\u00bb#ffffff\u00bb button_two_border_color_hover=\u00bb#ffffff\u00bb button_one_border_radius_hover=\u00bb0&#8243; button_two_border_radius_hover=\u00bb0&#8243; button_one_letter_spacing_hover=\u00bb2&#8243; button_two_letter_spacing_hover=\u00bb2&#8243; button_one_bg_color_hover=\u00bb#ffffff\u00bb button_two_bg_color_hover=\u00bb#ffffff\u00bb button_one_text_size__hover_enabled=\u00bboff\u00bb button_two_text_size__hover_enabled=\u00bboff\u00bb button_one_text_color__hover_enabled=\u00bbon\u00bb button_one_text_color__hover=\u00bb#6eba01&#8243; button_two_text_color__hover_enabled=\u00bbon\u00bb button_two_text_color__hover=\u00bb#6eba01&#8243; button_one_border_width__hover_enabled=\u00bboff\u00bb button_two_border_width__hover_enabled=\u00bboff\u00bb button_one_border_color__hover_enabled=\u00bbon\u00bb button_one_border_color__hover=\u00bb#ffffff\u00bb button_two_border_color__hover_enabled=\u00bbon\u00bb button_two_border_color__hover=\u00bb#ffffff\u00bb button_one_border_radius__hover_enabled=\u00bbon\u00bb button_one_border_radius__hover=\u00bb0&#8243; button_two_border_radius__hover_enabled=\u00bbon\u00bb button_two_border_radius__hover=\u00bb0&#8243; button_one_letter_spacing__hover_enabled=\u00bbon\u00bb button_one_letter_spacing__hover=\u00bb2&#8243; button_two_letter_spacing__hover_enabled=\u00bbon\u00bb button_two_letter_spacing__hover=\u00bb2&#8243; button_one_bg_color__hover_enabled=\u00bbon\u00bb button_one_bg_color__hover=\u00bb#ffffff\u00bb button_two_bg_color__hover_enabled=\u00bbon\u00bb button_two_bg_color__hover=\u00bb#ffffff\u00bb][\/et_pb_fullwidth_header][\/et_pb_section][et_pb_section fb_built=\u00bb1&#8243; admin_label=\u00bbubicacion\u00bb module_id=\u00bbmapaContacto\u00bb _builder_version=\u00bb4.8.1&#8243; background_enable_color=\u00bboff\u00bb][et_pb_row _builder_version=\u00bb4.8.1&#8243; background_size=\u00bbinitial\u00bb background_position=\u00bbtop_left\u00bb background_repeat=\u00bbrepeat\u00bb width=\u00bb100%\u00bb max_width=\u00bb2560px\u00bb][et_pb_column type=\u00bb4_4&#8243; _builder_version=\u00bb3.25&#8243; custom_padding=\u00bb|||\u00bb custom_padding__hover=\u00bb|||\u00bb][et_pb_code module_class=\u00bbmapaContacto\u00bb _builder_version=\u00bb4.8.1&#8243; _module_preset=\u00bbdefault\u00bb]<iframe src=\"https:\/\/www.google.com\/maps\/embed?pb=!1m18!1m12!1m3!1d2970.147117378785!2d-3.3969085205637493!3d41.889693065838344!2m3!1f0!2f0!3f0!3m2!1i1024!2i768!4f13.1!3m3!1m2!1s0xd45e24ffffab331%3A0xd6165d737bdf550d!2sBURPELLET%20(F%C3%81BRICA%20DO%C3%91A%20SANTOS)%20-%20HIJOS%20DE%20TOMAS%20MARTIN%2C%20S.L.!5e0!3m2!1ses!2ses!4v1615451711712!5m2!1ses!2ses\" width=\"600\" height=\"450\" style=\"border:0;\" allowfullscreen=\"\" loading=\"lazy\"><\/iframe>[\/et_pb_code][\/et_pb_column][\/et_pb_row][\/et_pb_section][et_pb_section fb_built=\u00bb1&#8243; _builder_version=\u00bb4.8.1&#8243; _module_preset=\u00bbdefault\u00bb background_image=\u00bbhttps:\/\/dev.burpellet.com\/wp-content\/uploads\/2021\/03\/materias-1.png\u00bb hover_enabled=\u00bb0&#8243; module_id=\u00bbform\u00bb sticky_enabled=\u00bb0&#8243;][et_pb_row column_structure=\u00bb1_2,1_2&#8243; module_class=\u00bbcontacto\u00bb _builder_version=\u00bb4.8.1&#8243; _module_preset=\u00bbdefault\u00bb][et_pb_column type=\u00bb1_2&#8243; _builder_version=\u00bb4.8.1&#8243; _module_preset=\u00bbdefault\u00bb][et_pb_text _builder_version=\u00bb4.8.1&#8243; _module_preset=\u00bbdefault\u00bb]<\/p>\n<p class=\"iconoContacto\"><img decoding=\"async\" src=\"https:\/\/dev.burpellet.com\/wp-content\/uploads\/2021\/03\/fabri.png\" alt=\"iconoFabri\" \/><\/p>\n<h2><strong>F\u00e1brica y almac\u00e9n<\/strong><\/h2>\n<p>Hijos de Tom\u00e1s Mart\u00edn, S.L.<br \/>\nC\/Carretera S\/N Do\u00f1a Santos<br \/>\n09631 Burgos &#8211; Espa\u00f1a<br \/>\nTel\u00e9fono: +34 947 388 078<br \/>\nFAX: +34 947 388 701<br \/>\nE-mail:<a href=\"mailto: info@burpellet.com\"> info@burpellet.com<\/a><br \/>\nP\u00e1gina web:<a href=\"https:\/\/dev.maderashtm.com\/\" target=\"_blank\" rel=\"noopener\"> www.maderashtm.com<\/a>[\/et_pb_text][\/et_pb_column][et_pb_column type=\u00bb1_2&#8243; _builder_version=\u00bb4.8.1&#8243; _module_preset=\u00bbdefault\u00bb][et_pb_text _builder_version=\u00bb4.8.1&#8243; _module_preset=\u00bbdefault\u00bb]<\/p>\n<p class=\"iconoContacto\"><img decoding=\"async\" src=\"https:\/\/dev.burpellet.com\/wp-content\/uploads\/2021\/03\/almacen.png\" alt=\"iconoAlmacen\" \/><\/p>\n<h2><strong>Almac\u00e9n<\/strong><\/h2>\n<p>Hijos de Tom\u00e1s Mart\u00edn, S.L.<br \/>\nC\/ R\u00edo Rudr\u00f3n, 2 \u2013 Nave 6<br \/>\nPol. Ind. \u201cEl Clavillo\u201d<br \/>\n09195 Villariezo \u2013 Burgos<br \/>\nTel\u00e9fono: +34 947 405 199<br \/>\nFAX: +34 947 405 199<br \/>\nE-mail: <a href=\"mailto:almacen@maderashtm.com\">almacen@maderashtm.com<\/a><br \/>\nP\u00e1gina web:<a href=\"https:\/\/dev.maderashtm.com\/\" target=\"_blank\" rel=\"noopener\"> www.maderashtm.com<\/a>[\/et_pb_text][\/et_pb_column][\/et_pb_row][et_pb_row _builder_version=\u00bb4.8.1&#8243; _module_preset=\u00bbdefault\u00bb][et_pb_column type=\u00bb4_4&#8243; _builder_version=\u00bb4.8.1&#8243; _module_preset=\u00bbdefault\u00bb][et_pb_text _builder_version=\u00bb4.8.1&#8243; _module_preset=\u00bbdefault\u00bb]<\/p>\n<h2><strong>Cont\u00e1ctanos<\/strong><\/h2>\n<p>[\/et_pb_text][et_pb_contact_form email=\u00bbcontenido04@teseo.es; desarrollo@teseo.es\u00bb _builder_version=\u00bb4.8.1&#8243; _module_preset=\u00bbdefault\u00bb custom_button=\u00bbon\u00bb button_text_color=\u00bb#57aa51&#8243; button_icon=\u00bb%%151%%\u00bb button_icon_color=\u00bb#57aa51&#8243;][et_pb_contact_field field_id=\u00bbnombre\u00bb field_title=\u00bbNombre\u00bb allowed_symbols=\u00bbletters\u00bb _builder_version=\u00bb4.8.1&#8243; button_text_size__hover_enabled=\u00bboff\u00bb button_one_text_size__hover_enabled=\u00bboff\u00bb button_two_text_size__hover_enabled=\u00bboff\u00bb button_text_color__hover_enabled=\u00bboff\u00bb button_one_text_color__hover_enabled=\u00bboff\u00bb button_two_text_color__hover_enabled=\u00bboff\u00bb button_border_width__hover_enabled=\u00bboff\u00bb button_one_border_width__hover_enabled=\u00bboff\u00bb button_two_border_width__hover_enabled=\u00bboff\u00bb button_border_color__hover_enabled=\u00bboff\u00bb button_one_border_color__hover_enabled=\u00bboff\u00bb button_two_border_color__hover_enabled=\u00bboff\u00bb button_border_radius__hover_enabled=\u00bboff\u00bb button_one_border_radius__hover_enabled=\u00bboff\u00bb button_two_border_radius__hover_enabled=\u00bboff\u00bb button_letter_spacing__hover_enabled=\u00bboff\u00bb button_one_letter_spacing__hover_enabled=\u00bboff\u00bb button_two_letter_spacing__hover_enabled=\u00bboff\u00bb button_bg_color__hover_enabled=\u00bboff\u00bb button_one_bg_color__hover_enabled=\u00bboff\u00bb button_two_bg_color__hover_enabled=\u00bboff\u00bb][\/et_pb_contact_field][et_pb_contact_field field_id=\u00bbemail\u00bb field_title=\u00bbDirecci\u00f3n de correo electr\u00f3nico\u00bb field_type=\u00bbemail\u00bb _builder_version=\u00bb4.8.1&#8243; button_text_size__hover_enabled=\u00bboff\u00bb button_one_text_size__hover_enabled=\u00bboff\u00bb button_two_text_size__hover_enabled=\u00bboff\u00bb button_text_color__hover_enabled=\u00bboff\u00bb button_one_text_color__hover_enabled=\u00bboff\u00bb button_two_text_color__hover_enabled=\u00bboff\u00bb button_border_width__hover_enabled=\u00bboff\u00bb button_one_border_width__hover_enabled=\u00bboff\u00bb button_two_border_width__hover_enabled=\u00bboff\u00bb button_border_color__hover_enabled=\u00bboff\u00bb button_one_border_color__hover_enabled=\u00bboff\u00bb button_two_border_color__hover_enabled=\u00bboff\u00bb button_border_radius__hover_enabled=\u00bboff\u00bb button_one_border_radius__hover_enabled=\u00bboff\u00bb button_two_border_radius__hover_enabled=\u00bboff\u00bb button_letter_spacing__hover_enabled=\u00bboff\u00bb button_one_letter_spacing__hover_enabled=\u00bboff\u00bb button_two_letter_spacing__hover_enabled=\u00bboff\u00bb button_bg_color__hover_enabled=\u00bboff\u00bb button_one_bg_color__hover_enabled=\u00bboff\u00bb button_two_bg_color__hover_enabled=\u00bboff\u00bb][\/et_pb_contact_field][et_pb_contact_field field_id=\u00bbasunto\u00bb field_title=\u00bbAsunto\u00bb allowed_symbols=\u00bbalphanumeric\u00bb fullwidth_field=\u00bbon\u00bb _builder_version=\u00bb4.8.1&#8243; _module_preset=\u00bbdefault\u00bb][\/et_pb_contact_field][et_pb_contact_field field_id=\u00bbmensaje\u00bb field_title=\u00bbMensaje\u00bb field_type=\u00bbtext\u00bb fullwidth_field=\u00bbon\u00bb _builder_version=\u00bb4.8.1&#8243; button_text_size__hover_enabled=\u00bboff\u00bb button_one_text_size__hover_enabled=\u00bboff\u00bb button_two_text_size__hover_enabled=\u00bboff\u00bb button_text_color__hover_enabled=\u00bboff\u00bb button_one_text_color__hover_enabled=\u00bboff\u00bb button_two_text_color__hover_enabled=\u00bboff\u00bb button_border_width__hover_enabled=\u00bboff\u00bb button_one_border_width__hover_enabled=\u00bboff\u00bb button_two_border_width__hover_enabled=\u00bboff\u00bb button_border_color__hover_enabled=\u00bboff\u00bb button_one_border_color__hover_enabled=\u00bboff\u00bb button_two_border_color__hover_enabled=\u00bboff\u00bb button_border_radius__hover_enabled=\u00bboff\u00bb button_one_border_radius__hover_enabled=\u00bboff\u00bb button_two_border_radius__hover_enabled=\u00bboff\u00bb button_letter_spacing__hover_enabled=\u00bboff\u00bb button_one_letter_spacing__hover_enabled=\u00bboff\u00bb button_two_letter_spacing__hover_enabled=\u00bboff\u00bb button_bg_color__hover_enabled=\u00bboff\u00bb button_one_bg_color__hover_enabled=\u00bboff\u00bb button_two_bg_color__hover_enabled=\u00bboff\u00bb][\/et_pb_contact_field][\/et_pb_contact_form][\/et_pb_column][\/et_pb_row][\/et_pb_section]<\/p>\n","protected":false},"excerpt":{"rendered":"<p>[et_pb_section fb_built=\u00bb1&#8243; fullwidth=\u00bbon\u00bb admin_label=\u00bbPage Header\u00bb _builder_version=\u00bb4.8.1&#8243; background_enable_color=\u00bboff\u00bb background_image=\u00bbhttps:\/\/dev.burpellet.com\/wp-content\/uploads\/2021\/03\/cabcera-contacto.png\u00bb parallax=\u00bbon\u00bb animation_direction=\u00bbtop\u00bb][et_pb_fullwidth_header title=\u00bbContacto\u00bb subhead=\u00bbpuede enviarnos sus comentarios o sugerencias a trav\u00e9s del siguiente formulario\u00bb text_orientation=\u00bbcenter\u00bb admin_label=\u00bbHero Section\u00bb _builder_version=\u00bb4.8.1&#8243; title_level=\u00bbh2&#8243; title_font=\u00bbMontserrat|500|||||||\u00bb title_text_align=\u00bbleft\u00bb title_text_color=\u00bb#FFFFFF\u00bb title_font_size=\u00bb60px\u00bb title_line_height=\u00bb1.4em\u00bb content_font_size=\u00bb22px\u00bb content_line_height=\u00bb1.8em\u00bb subhead_font=\u00bb||||\u00bb subhead_text_align=\u00bbleft\u00bb subhead_text_color=\u00bb#FFFFFF\u00bb subhead_font_size=\u00bb24px\u00bb background_enable_color=\u00bboff\u00bb background_size=\u00bbinitial\u00bb background_position=\u00bbtop_left\u00bb background_repeat=\u00bbrepeat\u00bb custom_button_one=\u00bbon\u00bb button_one_text_size=\u00bb16px\u00bb button_one_bg_color=\u00bb#6eba01&#8243; button_one_border_width=\u00bb2px\u00bb button_one_border_color=\u00bb#6eba01&#8243; button_one_border_radius=\u00bb0&#8243; button_one_letter_spacing=\u00bb2&#8243; button_one_font=\u00bbMontserrat|||on|\u00bb button_one_use_icon=\u00bboff\u00bb custom_button_two=\u00bbon\u00bb button_two_text_size=\u00bb16px\u00bb button_two_border_width=\u00bb2px\u00bb button_two_border_color=\u00bb#ffffff\u00bb [&hellip;]<\/p>\n","protected":false},"author":2,"featured_media":0,"parent":0,"menu_order":0,"comment_status":"closed","ping_status":"closed","template":"","meta":{"_et_pb_use_builder":"on","_et_pb_old_content":"","_et_gb_content_width":"","footnotes":""},"class_list":["post-347","page","type-page","status-publish","hentry"],"yoast_head":"<!-- This site is optimized with the Yoast SEO plugin v15.9.2 - https:\/\/yoast.com\/wordpress\/plugins\/seo\/ -->\n<title>Contacto - Burpellet<\/title>\n<meta name=\"description\" content=\"Hijos de Tom\u00e1s Mart\u00edn, S.L.. C\/Carretera S\/N Do\u00f1a Santos 09631 Burgos - Espa\u00f1a Tel\u00e9fono: +34 947 388 078. FAX: +34 947 388 701. E-mail: info@burpellet\" \/>\n<link rel=\"canonical\" href=\"https:\/\/dev.burpellet.com\/index.php\/contacto\/\" \/>\n<meta property=\"og:locale\" content=\"es_ES\" \/>\n<meta property=\"og:type\" content=\"article\" \/>\n<meta property=\"og:title\" content=\"Contacto - Burpellet\" \/>\n<meta property=\"og:description\" content=\"Hijos de Tom\u00e1s Mart\u00edn, S.L.. C\/Carretera S\/N Do\u00f1a Santos 09631 Burgos - Espa\u00f1a Tel\u00e9fono: +34 947 388 078. FAX: +34 947 388 701. E-mail: info@burpellet\" \/>\n<meta property=\"og:url\" content=\"https:\/\/dev.burpellet.com\/index.php\/contacto\/\" \/>\n<meta property=\"og:site_name\" content=\"Burpellet\" \/>\n<meta property=\"article:modified_time\" content=\"2021-03-19T09:11:25+00:00\" \/>\n<meta property=\"og:image\" content=\"https:\/\/dev.burpellet.com\/wp-content\/uploads\/2021\/03\/fabri.png\" \/>\n<meta name=\"twitter:card\" content=\"summary_large_image\" \/>\n<meta name=\"twitter:label1\" content=\"Tiempo de lectura\">\n\t<meta name=\"twitter:data1\" content=\"6 minutos\">\n<script type=\"application\/ld+json\" class=\"yoast-schema-graph\">{\"@context\":\"https:\/\/schema.org\",\"@graph\":[{\"@type\":\"WebSite\",\"@id\":\"https:\/\/dev.burpellet.com\/#website\",\"url\":\"https:\/\/dev.burpellet.com\/\",\"name\":\"Burpellet\",\"description\":\"Just another WordPress site\",\"potentialAction\":[{\"@type\":\"SearchAction\",\"target\":\"https:\/\/dev.burpellet.com\/?s={search_term_string}\",\"query-input\":\"required name=search_term_string\"}],\"inLanguage\":\"es\"},{\"@type\":\"ImageObject\",\"@id\":\"https:\/\/dev.burpellet.com\/index.php\/contacto\/#primaryimage\",\"inLanguage\":\"es\",\"url\":\"https:\/\/dev.burpellet.com\/wp-content\/uploads\/2021\/03\/fabri.png\",\"width\":451,\"height\":457,\"caption\":\"fabri\"},{\"@type\":\"WebPage\",\"@id\":\"https:\/\/dev.burpellet.com\/index.php\/contacto\/#webpage\",\"url\":\"https:\/\/dev.burpellet.com\/index.php\/contacto\/\",\"name\":\"Contacto - Burpellet\",\"isPartOf\":{\"@id\":\"https:\/\/dev.burpellet.com\/#website\"},\"primaryImageOfPage\":{\"@id\":\"https:\/\/dev.burpellet.com\/index.php\/contacto\/#primaryimage\"},\"datePublished\":\"2021-03-10T16:45:15+00:00\",\"dateModified\":\"2021-03-19T09:11:25+00:00\",\"description\":\"Hijos de Tom\\u00e1s Mart\\u00edn, S.L.. C\/Carretera S\/N Do\\u00f1a Santos 09631 Burgos - Espa\\u00f1a Tel\\u00e9fono: +34 947 388 078. FAX: +34 947 388 701. E-mail: info@burpellet\",\"breadcrumb\":{\"@id\":\"https:\/\/dev.burpellet.com\/index.php\/contacto\/#breadcrumb\"},\"inLanguage\":\"es\",\"potentialAction\":[{\"@type\":\"ReadAction\",\"target\":[\"https:\/\/dev.burpellet.com\/index.php\/contacto\/\"]}]},{\"@type\":\"BreadcrumbList\",\"@id\":\"https:\/\/dev.burpellet.com\/index.php\/contacto\/#breadcrumb\",\"itemListElement\":[{\"@type\":\"ListItem\",\"position\":1,\"item\":{\"@type\":\"WebPage\",\"@id\":\"https:\/\/dev.burpellet.com\/\",\"url\":\"https:\/\/dev.burpellet.com\/\",\"name\":\"Portada\"}},{\"@type\":\"ListItem\",\"position\":2,\"item\":{\"@type\":\"WebPage\",\"@id\":\"https:\/\/dev.burpellet.com\/index.php\/contacto\/\",\"url\":\"https:\/\/dev.burpellet.com\/index.php\/contacto\/\",\"name\":\"Contacto\"}}]}]}<\/script>\n<!-- \/ Yoast SEO plugin. -->","_links":{"self":[{"href":"https:\/\/dev.burpellet.com\/index.php\/wp-json\/wp\/v2\/pages\/347","targetHints":{"allow":["GET"]}}],"collection":[{"href":"https:\/\/dev.burpellet.com\/index.php\/wp-json\/wp\/v2\/pages"}],"about":[{"href":"https:\/\/dev.burpellet.com\/index.php\/wp-json\/wp\/v2\/types\/page"}],"author":[{"embeddable":true,"href":"https:\/\/dev.burpellet.com\/index.php\/wp-json\/wp\/v2\/users\/2"}],"replies":[{"embeddable":true,"href":"https:\/\/dev.burpellet.com\/index.php\/wp-json\/wp\/v2\/comments?post=347"}],"version-history":[{"count":37,"href":"https:\/\/dev.burpellet.com\/index.php\/wp-json\/wp\/v2\/pages\/347\/revisions"}],"predecessor-version":[{"id":948,"href":"https:\/\/dev.burpellet.com\/index.php\/wp-json\/wp\/v2\/pages\/347\/revisions\/948"}],"wp:attachment":[{"href":"https:\/\/dev.burpellet.com\/index.php\/wp-json\/wp\/v2\/media?parent=347"}],"curies":[{"name":"wp","href":"https:\/\/api.w.org\/{rel}","templated":true}]}}