{"id":324,"date":"2021-03-10T15:59:14","date_gmt":"2021-03-10T15:59:14","guid":{"rendered":"https:\/\/dev.burpellet.com\/?page_id=324"},"modified":"2021-03-19T09:02:36","modified_gmt":"2021-03-19T09:02:36","slug":"medio-ambiente","status":"publish","type":"page","link":"https:\/\/dev.burpellet.com\/index.php\/medio-ambiente\/","title":{"rendered":"Medio Ambiente"},"content":{"rendered":"<p>[et_pb_section fb_built=\u00bb1&#8243; fullwidth=\u00bbon\u00bb admin_label=\u00bbPage Header\u00bb _builder_version=\u00bb4.8.1&#8243; background_enable_color=\u00bboff\u00bb background_image=\u00bbhttps:\/\/dev.burpellet.com\/wp-content\/uploads\/2021\/03\/cabecera-medio-ambiente.png\u00bb parallax=\u00bbon\u00bb animation_direction=\u00bbtop\u00bb][et_pb_fullwidth_header title=\u00bbMedio Ambiente\u00bb subhead=\u00bbComprometidos con el futuro de nuestro planeta.\u00bb text_orientation=\u00bbcenter\u00bb admin_label=\u00bbHero Section\u00bb _builder_version=\u00bb4.8.1&#8243; title_level=\u00bbh2&#8243; title_font=\u00bbMontserrat|500|||||||\u00bb title_text_align=\u00bbleft\u00bb title_text_color=\u00bb#FFFFFF\u00bb title_font_size=\u00bb60px\u00bb title_line_height=\u00bb1.4em\u00bb content_font_size=\u00bb22px\u00bb content_line_height=\u00bb1.8em\u00bb subhead_font=\u00bb||||\u00bb subhead_text_align=\u00bbleft\u00bb subhead_text_color=\u00bb#FFFFFF\u00bb subhead_font_size=\u00bb24px\u00bb background_enable_color=\u00bboff\u00bb background_size=\u00bbinitial\u00bb background_position=\u00bbtop_left\u00bb background_repeat=\u00bbrepeat\u00bb custom_button_one=\u00bbon\u00bb button_one_text_size=\u00bb16px\u00bb button_one_bg_color=\u00bb#6eba01&#8243; button_one_border_width=\u00bb2px\u00bb button_one_border_color=\u00bb#6eba01&#8243; button_one_border_radius=\u00bb0&#8243; button_one_letter_spacing=\u00bb2&#8243; button_one_font=\u00bbMontserrat|||on|\u00bb button_one_use_icon=\u00bboff\u00bb custom_button_two=\u00bbon\u00bb button_two_text_size=\u00bb16px\u00bb button_two_border_width=\u00bb2px\u00bb button_two_border_color=\u00bb#ffffff\u00bb button_two_border_radius=\u00bb0&#8243; button_two_letter_spacing=\u00bb2&#8243; button_two_font=\u00bbMontserrat|||on|\u00bb button_two_use_icon=\u00bboff\u00bb module_alignment=\u00bbleft\u00bb animation_style=\u00bbfade\u00bb button_one_text_color_hover=\u00bb#6eba01&#8243; button_two_text_color_hover=\u00bb#6eba01&#8243; button_one_border_color_hover=\u00bb#ffffff\u00bb button_two_border_color_hover=\u00bb#ffffff\u00bb button_one_border_radius_hover=\u00bb0&#8243; button_two_border_radius_hover=\u00bb0&#8243; button_one_letter_spacing_hover=\u00bb2&#8243; button_two_letter_spacing_hover=\u00bb2&#8243; button_one_bg_color_hover=\u00bb#ffffff\u00bb button_two_bg_color_hover=\u00bb#ffffff\u00bb button_one_text_size__hover_enabled=\u00bboff\u00bb button_two_text_size__hover_enabled=\u00bboff\u00bb button_one_text_color__hover_enabled=\u00bbon\u00bb button_one_text_color__hover=\u00bb#6eba01&#8243; button_two_text_color__hover_enabled=\u00bbon\u00bb button_two_text_color__hover=\u00bb#6eba01&#8243; button_one_border_width__hover_enabled=\u00bboff\u00bb button_two_border_width__hover_enabled=\u00bboff\u00bb button_one_border_color__hover_enabled=\u00bbon\u00bb button_one_border_color__hover=\u00bb#ffffff\u00bb button_two_border_color__hover_enabled=\u00bbon\u00bb button_two_border_color__hover=\u00bb#ffffff\u00bb button_one_border_radius__hover_enabled=\u00bbon\u00bb button_one_border_radius__hover=\u00bb0&#8243; button_two_border_radius__hover_enabled=\u00bbon\u00bb button_two_border_radius__hover=\u00bb0&#8243; button_one_letter_spacing__hover_enabled=\u00bbon\u00bb button_one_letter_spacing__hover=\u00bb2&#8243; button_two_letter_spacing__hover_enabled=\u00bbon\u00bb button_two_letter_spacing__hover=\u00bb2&#8243; button_one_bg_color__hover_enabled=\u00bbon\u00bb button_one_bg_color__hover=\u00bb#ffffff\u00bb button_two_bg_color__hover_enabled=\u00bbon\u00bb button_two_bg_color__hover=\u00bb#ffffff\u00bb][\/et_pb_fullwidth_header][\/et_pb_section][et_pb_section fb_built=\u00bb1&#8243; admin_label=\u00bbtexto\u00bb module_class=\u00bbtextoMedioAmbiente\u00bb _builder_version=\u00bb4.8.1&#8243; background_enable_color=\u00bboff\u00bb hover_enabled=\u00bb0&#8243; alt=\u00bbmaterias\u00bb title_text=\u00bbmaterias\u00bb background_image=\u00bbhttps:\/\/dev.burpellet.com\/wp-content\/uploads\/2021\/03\/materias-1.png\u00bb sticky_enabled=\u00bb0&#8243;][et_pb_row _builder_version=\u00bb4.8.1&#8243; background_size=\u00bbinitial\u00bb background_position=\u00bbtop_left\u00bb background_repeat=\u00bbrepeat\u00bb][et_pb_column type=\u00bb4_4&#8243; _builder_version=\u00bb3.25&#8243; custom_padding=\u00bb|||\u00bb custom_padding__hover=\u00bb|||\u00bb][et_pb_accordion open_toggle_text_color=\u00bb#57aa51&#8243; module_class=\u00bbacordeonMedio\u00bb _builder_version=\u00bb4.8.1&#8243; _module_preset=\u00bbdefault\u00bb hover_enabled=\u00bb0&#8243; sticky_enabled=\u00bb0&#8243;][et_pb_accordion_item title=\u00bb1-Desarrollo de nuevas l\u00edneas de producci\u00f3n\u00bb open=\u00bbon\u00bb _builder_version=\u00bb4.8.1&#8243; _module_preset=\u00bbdefault\u00bb]<\/p>\n<div class=\"textoAcordeon\">\n<p>Desarrollo de nuevas l\u00edneas de producci\u00f3n eficientes con el medioambiente. En Octubre de 2011, nace BURPELLET con la finalidad de ofrecer a los consumidores una energ\u00eda sostenible y renovable, capaz de ser una alternativa real a los combustibles f\u00f3siles.<\/p>\n<p><a href=\"https:\/\/dev.burpellet.com\/\" target=\"_blank\" rel=\"noopener\"><img decoding=\"async\" src=\"https:\/\/dev.burpellet.com\/wp-content\/uploads\/2021\/03\/logo.png\" alt=\"burpellet\" title=\"burpellet\"><\/a><\/div>\n<p>[\/et_pb_accordion_item][et_pb_accordion_item title=\u00bb2-PEFC\u00bb _builder_version=\u00bb4.8.1&#8243; _module_preset=\u00bbdefault\u00bb open=\u00bboff\u00bb]<\/p>\n<div class=\"textoAcordeon\">\n<p>PEFC (Programme for the Endorsement of Forest Certification): como empresa adherida desarrolla e implanta un Sistema de Cadena de Custodia, que asegura que la madera utilizada proviene de bosques con gesti\u00f3n forestal sostenible y llegue al consumidor siguiente sin perder la trazabilidad. El Certificado PEFC proporciona informaci\u00f3n relacionada con la procedencia del producto forestal de bosques gestionados de forma sostenible y de otras fuentes no conflictivas. (<a href=\"https:\/\/www.pefc.org\" target=\"_blank\" rel=\"noopener\">https:\/\/www.pefc.org<\/a>)<\/p>\n<p><a href=\"https:\/\/www.pefc.org\" target=\"_blank\" rel=\"noopener\"><img decoding=\"async\" src=\"https:\/\/dev.burpellet.com\/wp-content\/uploads\/2021\/03\/pefc_logo.png\"  alt=\"pefc\" title=\"pefc\" style=\"max-height:180px\"><\/a><\/div>\n<p>[\/et_pb_accordion_item][et_pb_accordion_item title=\u00bb3-Aportaci\u00f3n ECOEMBES para reciclaje de nuestros envases.\u00bb _builder_version=\u00bb4.8.1&#8243; _module_preset=\u00bbdefault\u00bb open=\u00bboff\u00bb]<\/p>\n<div class=\"textoAcordeon\">\n<p>Aportaci\u00f3n ECOEMBES para reciclaje de nuestros envases. Promovemos la sostenibilidad y el cuidado del medioambiente a trav\u00e9s del reciclaje. Todos nuestros productos participan en el \u00fanico sistema integrado de gesti\u00f3n de residuos de envases dom\u00e9sticos que funciona actualmente en Espa\u00f1a.<\/p>\n<p><a href=\"https:\/\/www.ecoembes.com\/es\" target=\"_blank\" rel=\"noopener\"><img decoding=\"async\" src=\"https:\/\/dev.burpellet.com\/wp-content\/uploads\/2021\/03\/ecoembes.png\" alt=\"ecoembes\" title=\"ecoembes\"><\/a><\/div>\n<p>[\/et_pb_accordion_item][et_pb_accordion_item title=\u00bb4-Obras sociales\u00bb _builder_version=\u00bb4.8.1&#8243; _module_preset=\u00bbdefault\u00bb open=\u00bboff\u00bb]<\/p>\n<h6>Proyecto Incendios Zero en el Parque Natural Ca\u00f1\u00f3n del R\u00edo Lobos.<\/h6>\n<p>Con su involucraci\u00f3n en este proyecto, Hijos de Tom\u00e1s Mart\u00edn (BURPELLET) se ha convertido en la \u00fanica empresa del sector part\u00edcipe y colaboradora en la creaci\u00f3n de Cinturones Contra El Fuego de la zona. Este proyecto optimiza el esfuerzo de prevenci\u00f3n, al extender la protecci\u00f3n a un mayor n\u00famero de \u00e1rboles y fauna. Los bosques son fundamentales para la persistencia de la vida humana, por eso es necesario preservar la biodiversidad, la fauna y mantener el suelo libre de erosi\u00f3n. Estableciendo un sistema de Cinturones Contra El Fuego prevenimos y extendemos la protecci\u00f3n al mayor n\u00famero de \u00e1rboles posible. <a href=\"https:\/\/www.incendioszero.org\/\" target=\"_blank\" rel=\"noopener\">IncendiosZero.<\/a><\/p>\n<p>.<a href=\"https:\/\/www.incendioszero.org\/\" target=\"_blank\" rel=\"noopener\"><img decoding=\"async\" style=\"margin-bottom: 30px;\" src=\"https:\/\/dev.burpellet.com\/wp-content\/uploads\/2021\/03\/incendiosZero.png\" alt=\"incendiosZero\" title=\"incendiosZero\"\/><\/a>Los \u201cCinturones Contra el Fuego\u201d se situar\u00e1n en los bordes de los principales caminos sumando una longitud aproximada de 7 km, generando unas bandas de actuaci\u00f3n de 100m de ancho (50m a cada lado), en las que la continuidad vegetal queda interrumpida. Con esta actuaci\u00f3n total se proteger\u00edan aproximadamente unos 650.000 \u00e1rboles y se evitar\u00eda que las 500.000 toneladas de CO2 (aprox.) actualmente retenidas en los \u00e1rboles vuelvan a la atm\u00f3sfera. Adem\u00e1s, se contribuye a la obtenci\u00f3n de energ\u00eda limpia (850 toneladas de biomasa forestal, aproximadamente)<\/p>\n<p>Conservar la naturaleza, la fauna y la biodiversidad es responsabilidad de todos y hay mucho por hacer. Empezamos por los montes del Parque Natural del Ca\u00f1\u00f3n del R\u00edo Lobos, espacio de alt\u00edsimo valor ecol\u00f3gico a preservar, con bosques aut\u00f3ctonos de sabinas, encinas, quejigos y pinos laricios, adem\u00e1s de su riqueza faun\u00edstica (buitres leonados, \u00e1guilas reales, alimoches, halcones, corzos, jabal\u00edes, ardillas, nutrias, etc.). Nos gustar\u00eda poder seguir nuestra actuaci\u00f3n preventiva en el Parque Natural del Moncayo, Parque Nacional de Ordesa o Monte Perdido si la colaboraci\u00f3n de la sociedad y empresas se sigue haciendo efectiva. (Pedro. A. Medrano, director).<\/p>\n<p><img decoding=\"async\" src=\"https:\/\/dev.burpellet.com\/wp-content\/uploads\/2021\/03\/rioLobos.png\" alt=\"rioLobos\" title=\"rioLobos\"\/><\/p>\n<p>Con la co-creaci\u00f3n del \u201cPrimer Cintr\u00f3n Contra El Fuego\u201d, todas las organizaciones, entidades y particulares que han participado contribuyen a la consecuci\u00f3n de los ODS de Naciones Unidas: 6,8,13,15 y 17: protegiendo los bosques, poniendo freno a la p\u00e9rdida de la biodiversidad, combatiendo el cambio clim\u00e1tico y sus efectos; manteniendo la calidad y cantidad del agua, promoviendo el crecimiento econ\u00f3mico, sostenido, inclusive y sostenible; estableciendo alianzas para conseguir entre todos un Desarrollo Sostenible y un mundo mejor acorde a la Agenda 2030 de la ONU.<\/p>\n<h6>El primer hito est\u00e1 conseguido y el primer cintur\u00f3n es un hecho. Con \u00e9l se ha logrado:<\/h6>\n<ul>\n<li>Salvaguardar m\u00e1s de 160.000 \u00e1rboles<\/li>\n<li>Evitar que 125.000 toneladas de CO2 vuelva a la atm\u00f3sfera<\/li>\n<li>Contribuir a la consecuci\u00f3n de 200 toneladas de energ\u00eda limpia<\/li>\n<li>Proteger la flora y fauna<\/li>\n<li>Mantener la calidad y cantidad de agua<\/li>\n<li>Generar empleo rural<\/li>\n<\/ul>\n<p>Os dejamos el siguiente video explicativo donde se profundiza en el proyecto, su repercusi\u00f3n y las futuras medidas<\/p>\n<p><iframe loading=\"lazy\" title=\"Primer Cintur\u00f3n Contra El Fuego\" width=\"1080\" height=\"810\" src=\"https:\/\/www.youtube.com\/embed\/28XoeXsZot0?feature=oembed\"  allow=\"accelerometer; autoplay; clipboard-write; encrypted-media; gyroscope; picture-in-picture\" allowfullscreen><\/iframe>[\/et_pb_accordion_item][et_pb_accordion_item title=\u00bb5-Participaci\u00f3n en nuevos proyectos medioambientales\u00bb _builder_version=\u00bb4.8.1&#8243; _module_preset=\u00bbdefault\u00bb hover_enabled=\u00bb0&#8243; open=\u00bboff\u00bb sticky_enabled=\u00bb0&#8243;]<\/p>\n<h6>LIFE FOREST CO2<\/h6>\n<p>Participaci\u00f3n en nuevos proyectos medioambientales como LIFE FOREST CO2 (Cuantificaci\u00f3n de sumideros de carbono forestal y fomento de los sistemas de compensaci\u00f3n como herramientas de mitigaci\u00f3n del cambio clim\u00e1tico, ) Recientemente nos hemos implicado en una iniciativa transnacional liderada por la Consejer\u00eda de Agua, Agricultura y Medio Ambiente de la comunidad Aut\u00f3noma de la regi\u00f3n de Murcia en colaboraci\u00f3n con el Centro de Servicios y promoci\u00f3n forestal y de su industria de Castilla y Le\u00f3n (CESEFOR) entre otros.<\/p>\n<p>Este proyecto busca reforzar el papel de los sumideros de carbono forestales en la lucha contra el cambio clim\u00e1tico implicando a empresas de diversos sectores, fomentando la responsabilidad social corporativa y la econom\u00eda baja en carbono a trav\u00e9s de la compensaci\u00f3n de emisiones. <a href=\"http:\/\/lifeforestco2.eu\/\" target=\"_blank\" rel=\"noopener\">LifeForestco<\/a><br \/>\n<a href=\"http:\/\/lifeforestco2.eu\/\" target=\"_blank\" rel=\"noopener\"><img decoding=\"async\" src=\"https:\/\/dev.burpellet.com\/wp-content\/uploads\/2021\/03\/co2-logo.png\" alt=\"lifeForest\" title=\"LifeForest\" style=\"margin-top:30px;\"><\/a><br \/>\n<br \/>\nEl principal objetivo es la promoci\u00f3n de la conservaci\u00f3n de los bosques como sumideros de carbono y su gesti\u00f3n forestal sostenible como herramienta en la mitigaci\u00f3n del cambio clim\u00e1tico a trav\u00e9s de la aplicaci\u00f3n de la normativa europea relativa a la contabilidad de emisiones y absorciones en el sector del uso de la tierra, cambios en el uso de la tierra y la silvicultura (LULUCF). Esta iniciativa se desarrolla dentro del marco establecido por la UE para emisiones y absorciones de gases de efecto invernadero resultantes de actividades relativas al uso del suelo, el cambio de uso del suelo y la selvicultura.<br \/>\n<img decoding=\"async\" src=\"https:\/\/dev.burpellet.com\/wp-content\/uploads\/2021\/03\/pinos_1.png\" atl=\"bosque\"  title=\"bosque\" style=\"margin-top:20px; margin-bottom:10px;\"><br \/>\n<\/p>\n<h6>Otros objetivos espec\u00edficos de este proyecto son:<\/h6>\n<ul>\n<li>Mejorar la base del conocimiento a nivel local<\/li>\n<li>Realizar una aplicaci\u00f3n pr\u00e1ctica integrada que abarque a todos los sectores implicados de inter\u00e9s, incluidos aquellos responsables de la compensaci\u00f3n de emisiones, en la puesta en valor de los mismos.<\/li>\n<\/ul>\n<h6>Este proyecto persigue unos objetivos espec\u00edficos:<\/h6>\n<ul>\n<li>Conocer de forma precisa la absorci\u00f3n neta de CO2 resultado de realizar trabajos de gesti\u00f3n forestal sostenible en masas forestales de Pinus hapensis y Pinus pinaster en el \u00e1mbito geogr\u00e1fico del proyecto (Espa\u00f1a y Francia).<\/li>\n<li>Modelizar y sintetizar el conocimiento adquirido, para que pueda ser transmitido entre los agentes de inter\u00e9s, y pueda ser considerado en la contabilidad de los sumideros del sector LULUCF.<\/li>\n<li>Incentivar a propietarios forestales a desarrollar proyectos en materia de secuestro de carbono y de gesti\u00f3n forestal sostenible, para que se conviertan en aliados en la conservaci\u00f3n de los beneficios ecosist\u00e9micos de los bosques y el desarrollo de las econom\u00edas locales.<\/li>\n<li>Dinamizar entre los sectores no regulados o difusos la importancia del sector forestal como herramienta para la mitigaci\u00f3n del cambio clim\u00e1tico a trav\u00e9s del c\u00e1lculo, reducci\u00f3n y compensaci\u00f3n voluntaria de la huella de carbono utilizando como base para la compensaci\u00f3n proyectos de gesti\u00f3n forestal sostenible.<\/li>\n<\/ul>\n<p>[\/et_pb_accordion_item][\/et_pb_accordion][\/et_pb_column][\/et_pb_row][\/et_pb_section]<\/p>\n","protected":false},"excerpt":{"rendered":"<p>[et_pb_section fb_built=\u00bb1&#8243; fullwidth=\u00bbon\u00bb admin_label=\u00bbPage Header\u00bb _builder_version=\u00bb4.8.1&#8243; background_enable_color=\u00bboff\u00bb background_image=\u00bbhttps:\/\/dev.burpellet.com\/wp-content\/uploads\/2021\/03\/cabecera-medio-ambiente.png\u00bb parallax=\u00bbon\u00bb animation_direction=\u00bbtop\u00bb][et_pb_fullwidth_header title=\u00bbMedio Ambiente\u00bb subhead=\u00bbComprometidos con el futuro de nuestro planeta.\u00bb text_orientation=\u00bbcenter\u00bb admin_label=\u00bbHero Section\u00bb _builder_version=\u00bb4.8.1&#8243; title_level=\u00bbh2&#8243; title_font=\u00bbMontserrat|500|||||||\u00bb title_text_align=\u00bbleft\u00bb title_text_color=\u00bb#FFFFFF\u00bb title_font_size=\u00bb60px\u00bb title_line_height=\u00bb1.4em\u00bb content_font_size=\u00bb22px\u00bb content_line_height=\u00bb1.8em\u00bb subhead_font=\u00bb||||\u00bb subhead_text_align=\u00bbleft\u00bb subhead_text_color=\u00bb#FFFFFF\u00bb subhead_font_size=\u00bb24px\u00bb background_enable_color=\u00bboff\u00bb background_size=\u00bbinitial\u00bb background_position=\u00bbtop_left\u00bb background_repeat=\u00bbrepeat\u00bb custom_button_one=\u00bbon\u00bb button_one_text_size=\u00bb16px\u00bb button_one_bg_color=\u00bb#6eba01&#8243; button_one_border_width=\u00bb2px\u00bb button_one_border_color=\u00bb#6eba01&#8243; button_one_border_radius=\u00bb0&#8243; button_one_letter_spacing=\u00bb2&#8243; button_one_font=\u00bbMontserrat|||on|\u00bb button_one_use_icon=\u00bboff\u00bb custom_button_two=\u00bbon\u00bb button_two_text_size=\u00bb16px\u00bb button_two_border_width=\u00bb2px\u00bb button_two_border_color=\u00bb#ffffff\u00bb button_two_border_radius=\u00bb0&#8243; button_two_letter_spacing=\u00bb2&#8243; button_two_font=\u00bbMontserrat|||on|\u00bb [&hellip;]<\/p>\n","protected":false},"author":2,"featured_media":0,"parent":0,"menu_order":0,"comment_status":"closed","ping_status":"closed","template":"","meta":{"_et_pb_use_builder":"on","_et_pb_old_content":"","_et_gb_content_width":"","footnotes":""},"class_list":["post-324","page","type-page","status-publish","hentry"],"yoast_head":"<!-- This site is optimized with the Yoast SEO plugin v15.9.2 - https:\/\/yoast.com\/wordpress\/plugins\/seo\/ -->\n<title>Comprometidos con el futuro de nuestro planeta - Burpellet<\/title>\n<meta name=\"description\" content=\"Medio ambiente. Comprometidos con el futuro de nuestro planeta. Energ\u00eda limpia y 100% natural producida a partir del serr\u00edn.\" \/>\n<link rel=\"canonical\" href=\"https:\/\/dev.burpellet.com\/index.php\/medio-ambiente\/\" \/>\n<meta property=\"og:locale\" content=\"es_ES\" \/>\n<meta property=\"og:type\" content=\"article\" \/>\n<meta property=\"og:title\" content=\"Comprometidos con el futuro de nuestro planeta - Burpellet\" \/>\n<meta property=\"og:description\" content=\"Medio ambiente. Comprometidos con el futuro de nuestro planeta. Energ\u00eda limpia y 100% natural producida a partir del serr\u00edn.\" \/>\n<meta property=\"og:url\" content=\"https:\/\/dev.burpellet.com\/index.php\/medio-ambiente\/\" \/>\n<meta property=\"og:site_name\" content=\"Burpellet\" \/>\n<meta property=\"article:modified_time\" content=\"2021-03-19T09:02:36+00:00\" \/>\n<meta property=\"og:image\" content=\"https:\/\/dev.burpellet.com\/wp-content\/uploads\/2021\/03\/logo.png\" \/>\n<meta name=\"twitter:card\" content=\"summary_large_image\" \/>\n<meta name=\"twitter:label1\" content=\"Tiempo de lectura\">\n\t<meta name=\"twitter:data1\" content=\"7 minutos\">\n<script type=\"application\/ld+json\" class=\"yoast-schema-graph\">{\"@context\":\"https:\/\/schema.org\",\"@graph\":[{\"@type\":\"WebSite\",\"@id\":\"https:\/\/dev.burpellet.com\/#website\",\"url\":\"https:\/\/dev.burpellet.com\/\",\"name\":\"Burpellet\",\"description\":\"Just another WordPress site\",\"potentialAction\":[{\"@type\":\"SearchAction\",\"target\":\"https:\/\/dev.burpellet.com\/?s={search_term_string}\",\"query-input\":\"required name=search_term_string\"}],\"inLanguage\":\"es\"},{\"@type\":\"ImageObject\",\"@id\":\"https:\/\/dev.burpellet.com\/index.php\/medio-ambiente\/#primaryimage\",\"inLanguage\":\"es\",\"url\":\"https:\/\/dev.burpellet.com\/wp-content\/uploads\/2021\/03\/logo.png\",\"width\":200,\"height\":82,\"caption\":\"logo\"},{\"@type\":\"WebPage\",\"@id\":\"https:\/\/dev.burpellet.com\/index.php\/medio-ambiente\/#webpage\",\"url\":\"https:\/\/dev.burpellet.com\/index.php\/medio-ambiente\/\",\"name\":\"Comprometidos con el futuro de nuestro planeta - Burpellet\",\"isPartOf\":{\"@id\":\"https:\/\/dev.burpellet.com\/#website\"},\"primaryImageOfPage\":{\"@id\":\"https:\/\/dev.burpellet.com\/index.php\/medio-ambiente\/#primaryimage\"},\"datePublished\":\"2021-03-10T15:59:14+00:00\",\"dateModified\":\"2021-03-19T09:02:36+00:00\",\"description\":\"Medio ambiente. Comprometidos con el futuro de nuestro planeta. Energ\\u00eda limpia y 100% natural producida a partir del serr\\u00edn.\",\"breadcrumb\":{\"@id\":\"https:\/\/dev.burpellet.com\/index.php\/medio-ambiente\/#breadcrumb\"},\"inLanguage\":\"es\",\"potentialAction\":[{\"@type\":\"ReadAction\",\"target\":[\"https:\/\/dev.burpellet.com\/index.php\/medio-ambiente\/\"]}]},{\"@type\":\"BreadcrumbList\",\"@id\":\"https:\/\/dev.burpellet.com\/index.php\/medio-ambiente\/#breadcrumb\",\"itemListElement\":[{\"@type\":\"ListItem\",\"position\":1,\"item\":{\"@type\":\"WebPage\",\"@id\":\"https:\/\/dev.burpellet.com\/\",\"url\":\"https:\/\/dev.burpellet.com\/\",\"name\":\"Portada\"}},{\"@type\":\"ListItem\",\"position\":2,\"item\":{\"@type\":\"WebPage\",\"@id\":\"https:\/\/dev.burpellet.com\/index.php\/medio-ambiente\/\",\"url\":\"https:\/\/dev.burpellet.com\/index.php\/medio-ambiente\/\",\"name\":\"Medio Ambiente\"}}]}]}<\/script>\n<!-- \/ Yoast SEO plugin. -->","_links":{"self":[{"href":"https:\/\/dev.burpellet.com\/index.php\/wp-json\/wp\/v2\/pages\/324","targetHints":{"allow":["GET"]}}],"collection":[{"href":"https:\/\/dev.burpellet.com\/index.php\/wp-json\/wp\/v2\/pages"}],"about":[{"href":"https:\/\/dev.burpellet.com\/index.php\/wp-json\/wp\/v2\/types\/page"}],"author":[{"embeddable":true,"href":"https:\/\/dev.burpellet.com\/index.php\/wp-json\/wp\/v2\/users\/2"}],"replies":[{"embeddable":true,"href":"https:\/\/dev.burpellet.com\/index.php\/wp-json\/wp\/v2\/comments?post=324"}],"version-history":[{"count":34,"href":"https:\/\/dev.burpellet.com\/index.php\/wp-json\/wp\/v2\/pages\/324\/revisions"}],"predecessor-version":[{"id":938,"href":"https:\/\/dev.burpellet.com\/index.php\/wp-json\/wp\/v2\/pages\/324\/revisions\/938"}],"wp:attachment":[{"href":"https:\/\/dev.burpellet.com\/index.php\/wp-json\/wp\/v2\/media?parent=324"}],"curies":[{"name":"wp","href":"https:\/\/api.w.org\/{rel}","templated":true}]}}