{"id":241,"date":"2021-03-10T11:35:54","date_gmt":"2021-03-10T11:35:54","guid":{"rendered":"https:\/\/dev.burpellet.com\/?page_id=241"},"modified":"2021-03-19T08:22:59","modified_gmt":"2021-03-19T08:22:59","slug":"calidad","status":"publish","type":"page","link":"https:\/\/dev.burpellet.com\/index.php\/calidad\/","title":{"rendered":"Calidad"},"content":{"rendered":"<p>[et_pb_section fb_built=\u00bb1&#8243; fullwidth=\u00bbon\u00bb admin_label=\u00bbPage Header\u00bb _builder_version=\u00bb4.8.1&#8243; background_enable_color=\u00bboff\u00bb background_image=\u00bbhttps:\/\/dev.burpellet.com\/wp-content\/uploads\/2021\/03\/cabecera-calidad.png\u00bb parallax=\u00bbon\u00bb animation_direction=\u00bbtop\u00bb][et_pb_fullwidth_header title=\u00bbCalidad\u00bb subhead=\u00bbgesti\u00f3n forestal sostenible.\u00bb text_orientation=\u00bbcenter\u00bb admin_label=\u00bbHero Section\u00bb _builder_version=\u00bb4.8.1&#8243; title_level=\u00bbh2&#8243; title_font=\u00bbMontserrat|500|||||||\u00bb title_text_align=\u00bbleft\u00bb title_text_color=\u00bb#FFFFFF\u00bb title_font_size=\u00bb60px\u00bb title_line_height=\u00bb1.4em\u00bb content_font_size=\u00bb22px\u00bb content_line_height=\u00bb1.8em\u00bb subhead_font=\u00bb||||\u00bb subhead_text_align=\u00bbleft\u00bb subhead_text_color=\u00bb#FFFFFF\u00bb subhead_font_size=\u00bb24px\u00bb background_enable_color=\u00bboff\u00bb background_size=\u00bbinitial\u00bb background_position=\u00bbtop_left\u00bb background_repeat=\u00bbrepeat\u00bb custom_button_one=\u00bbon\u00bb button_one_text_size=\u00bb16px\u00bb button_one_bg_color=\u00bb#6eba01&#8243; button_one_border_width=\u00bb2px\u00bb button_one_border_color=\u00bb#6eba01&#8243; button_one_border_radius=\u00bb0&#8243; button_one_letter_spacing=\u00bb2&#8243; button_one_font=\u00bbMontserrat|||on|\u00bb button_one_use_icon=\u00bboff\u00bb custom_button_two=\u00bbon\u00bb button_two_text_size=\u00bb16px\u00bb button_two_border_width=\u00bb2px\u00bb button_two_border_color=\u00bb#ffffff\u00bb button_two_border_radius=\u00bb0&#8243; button_two_letter_spacing=\u00bb2&#8243; button_two_font=\u00bbMontserrat|||on|\u00bb button_two_use_icon=\u00bboff\u00bb module_alignment=\u00bbleft\u00bb animation_style=\u00bbfade\u00bb button_one_text_color_hover=\u00bb#6eba01&#8243; button_two_text_color_hover=\u00bb#6eba01&#8243; button_one_border_color_hover=\u00bb#ffffff\u00bb button_two_border_color_hover=\u00bb#ffffff\u00bb button_one_border_radius_hover=\u00bb0&#8243; button_two_border_radius_hover=\u00bb0&#8243; button_one_letter_spacing_hover=\u00bb2&#8243; button_two_letter_spacing_hover=\u00bb2&#8243; button_one_bg_color_hover=\u00bb#ffffff\u00bb button_two_bg_color_hover=\u00bb#ffffff\u00bb button_one_text_size__hover_enabled=\u00bboff\u00bb button_two_text_size__hover_enabled=\u00bboff\u00bb button_one_text_color__hover_enabled=\u00bbon\u00bb button_one_text_color__hover=\u00bb#6eba01&#8243; button_two_text_color__hover_enabled=\u00bbon\u00bb button_two_text_color__hover=\u00bb#6eba01&#8243; button_one_border_width__hover_enabled=\u00bboff\u00bb button_two_border_width__hover_enabled=\u00bboff\u00bb button_one_border_color__hover_enabled=\u00bbon\u00bb button_one_border_color__hover=\u00bb#ffffff\u00bb button_two_border_color__hover_enabled=\u00bbon\u00bb button_two_border_color__hover=\u00bb#ffffff\u00bb button_one_border_radius__hover_enabled=\u00bbon\u00bb button_one_border_radius__hover=\u00bb0&#8243; button_two_border_radius__hover_enabled=\u00bbon\u00bb button_two_border_radius__hover=\u00bb0&#8243; button_one_letter_spacing__hover_enabled=\u00bbon\u00bb button_one_letter_spacing__hover=\u00bb2&#8243; button_two_letter_spacing__hover_enabled=\u00bbon\u00bb button_two_letter_spacing__hover=\u00bb2&#8243; button_one_bg_color__hover_enabled=\u00bbon\u00bb button_one_bg_color__hover=\u00bb#ffffff\u00bb button_two_bg_color__hover_enabled=\u00bbon\u00bb button_two_bg_color__hover=\u00bb#ffffff\u00bb][\/et_pb_fullwidth_header][\/et_pb_section][et_pb_section fb_built=\u00bb1&#8243; admin_label=\u00bbdeasarrollo\u00bb module_class=\u00bbdesarrollo calidad\u00bb _builder_version=\u00bb4.8.1&#8243; use_background_color_gradient=\u00bbon\u00bb background_color_gradient_start=\u00bbrgba(255,255,255,0.15)\u00bb background_color_gradient_end=\u00bb#ffffff\u00bb background_color_gradient_start_position=\u00bb70%\u00bb background_image=\u00bbhttps:\/\/dev.burpellet.com\/wp-content\/uploads\/2021\/03\/materias-1.png\u00bb background_blend=\u00bboverlay\u00bb hover_enabled=\u00bb0&#8243; sticky_enabled=\u00bb0&#8243;][et_pb_row column_structure=\u00bb1_2,1_2&#8243; _builder_version=\u00bb4.8.1&#8243; background_size=\u00bbinitial\u00bb background_position=\u00bbtop_left\u00bb background_repeat=\u00bbrepeat\u00bb animation_style=\u00bbfade\u00bb animation_duration=\u00bb1500ms\u00bb][et_pb_column type=\u00bb1_2&#8243; _builder_version=\u00bb3.25&#8243; custom_padding=\u00bb|||\u00bb custom_padding__hover=\u00bb|||\u00bb][et_pb_image src=\u00bbhttps:\/\/dev.burpellet.com\/wp-content\/uploads\/2021\/03\/desarrolloSostenible.png\u00bb alt=\u00bbdesarrollo Sostenible\u00bb title_text=\u00bbdesarrolloSostenible\u00bb module_id=\u00bbimagenSomos\u00bb _builder_version=\u00bb4.8.1&#8243; _module_preset=\u00bbdefault\u00bb][\/et_pb_image][\/et_pb_column][et_pb_column type=\u00bb1_2&#8243; _builder_version=\u00bb3.25&#8243; custom_padding=\u00bb|||\u00bb custom_padding__hover=\u00bb|||\u00bb][et_pb_text _builder_version=\u00bb4.8.1&#8243; _module_preset=\u00bbdefault\u00bb]<\/p>\n<h4><strong>Desarrollo<\/strong> sostenible<\/h4>\n<p>Una de las directrices principales del proyecto de Hijos de Tom\u00e1s Mart\u00edn, S.L. &#8211; Burpellet, considerada de vital importancia, es el acercamiento a un <strong>desarrollo sostenible<\/strong> que, a trav\u00e9s de la planta de valoraci\u00f3n de biomasa luchan por conseguir.<\/p>\n<p>Cabe destacar, que <strong>la empresa cuenta con la certificaci\u00f3n medioambiental de gesti\u00f3n forestal sostenible PEFC (Programme for the Endorsement of Forest Certification)<\/strong> y su cadena de custodia, este Certificado garantiza a sus clientes que toda la madera utilizada en la elaboraci\u00f3n de sus productos, proviene de<strong> bosques gestionados de manera legal y sostenible.<\/strong><\/p>\n<p>Los pellets que se producen en la planta de valoraci\u00f3n son 100 % naturales ya que provienen del reciclaje de subproductos del aserradero.<\/p>\n<p>[\/et_pb_text][\/et_pb_column][\/et_pb_row][et_pb_row column_structure=\u00bb1_2,1_2&#8243; _builder_version=\u00bb4.8.1&#8243; background_size=\u00bbinitial\u00bb background_position=\u00bbtop_left\u00bb background_repeat=\u00bbrepeat\u00bb animation_style=\u00bbfade\u00bb][et_pb_column type=\u00bb1_2&#8243; _builder_version=\u00bb3.25&#8243; custom_padding=\u00bb|||\u00bb custom_padding__hover=\u00bb|||\u00bb][et_pb_text _builder_version=\u00bb4.8.1&#8243; _module_preset=\u00bbdefault\u00bb]<\/p>\n<h4><strong>M\u00e1xima <\/strong> calidad<\/h4>\n<p>En Burpellet se ofrecen las <strong>m\u00e1ximas garant\u00edas<\/strong>, as\u00ed como una <strong>calidad extraordinaria<\/strong> tanto en el<strong> producto final como en el servicio al consumidor.<\/strong><\/p>\n<p><strong>La materia prima se selecciona minuciosamente<\/strong> para posteriormente pasar por un proceso de secado, molienda, pelletizado y enfriado previo al almacenamiento. Adem\u00e1s se dispone de un sistema de cribado capaz de eliminar por completo todos los finos que se hayan podido producir antes del ensacado.<\/p>\n<p>Los pellets son sometidos a<strong> rigurosos controles.<\/strong> En las instalaciones se realizan constantemente anal\u00edticas (humedad, densidad, porcentaje de finos, durabilidad y longitud) que facilitan el proceso de valoraci\u00f3n consiguiendo que todo el producto fabricado sea totalmente acorde con la ficha t\u00e9cnica certificada del pellet.<\/p>\n<p>Adem\u00e1s,<strong> laboratorios cualificados<\/strong> y reconocidos a nivel nacional e internacional <strong>analizan peri\u00f3dicamente el producto,<\/strong> verificando sus caracter\u00edsticas y etiquetados.<\/p>\n<p>[\/et_pb_text][\/et_pb_column][et_pb_column type=\u00bb1_2&#8243; _builder_version=\u00bb3.25&#8243; custom_padding=\u00bb|||\u00bb custom_padding__hover=\u00bb|||\u00bb][et_pb_image src=\u00bbhttps:\/\/dev.burpellet.com\/wp-content\/uploads\/2021\/03\/maximaCalidad.png\u00bb alt=\u00bbmaxima Calidad\u00bb title_text=\u00bbmaximaCalidad\u00bb module_id=\u00bbimagenSomos\u00bb _builder_version=\u00bb4.8.1&#8243; _module_preset=\u00bbdefault\u00bb][\/et_pb_image][\/et_pb_column][\/et_pb_row][\/et_pb_section][et_pb_section fb_built=\u00bb1&#8243; module_class=\u00bbdesarrollo materias\u00bb _builder_version=\u00bb4.8.1&#8243; _module_preset=\u00bbdefault\u00bb use_background_color_gradient=\u00bbon\u00bb background_color_gradient_start=\u00bbrgba(255,255,255,0)\u00bb background_color_gradient_end=\u00bb#ffffff\u00bb background_color_gradient_direction=\u00bb360deg\u00bb background_color_gradient_start_position=\u00bb69%\u00bb background_image=\u00bbhttps:\/\/dev.burpellet.com\/wp-content\/uploads\/2021\/03\/materias-1.png\u00bb background_blend=\u00bboverlay\u00bb animation_style=\u00bbfold\u00bb][et_pb_row _builder_version=\u00bb4.8.1&#8243; _module_preset=\u00bbdefault\u00bb][et_pb_column type=\u00bb4_4&#8243; _builder_version=\u00bb4.8.1&#8243; _module_preset=\u00bbdefault\u00bb][et_pb_text _builder_version=\u00bb4.8.1&#8243; _module_preset=\u00bbdefault\u00bb]<\/p>\n<h4>Materias <strong>primas y procesos de elaboraci\u00f3n<\/strong><\/h4>\n<p>Los pellets producidos en nuestra planta de valoraci\u00f3n de biomasa est\u00e1n fabricados a partir de materiales lignocelul\u00f3sicos obtenidos en industrias de transformaci\u00f3n primaria tanto del aserradero propio como de los existentes en la comarca de Pinares. La base de nuestra materia prima es el subproducto obtenido en el aserrado de madera de con\u00edfera descortezada extra\u00edda en los montes de la zona. Una de las principales ventajas competitivas es que generamos un porcentaje elevado de la misma en nuestras propias instalaciones.<\/p>\n<p>Para la compactaci\u00f3n de la biomasa (serr\u00edn), previamente acondicionada, \u00fanicamente se emplear\u00e1 la compresi\u00f3n ejercida en la pelletizadora sin a\u00f1adir ning\u00fan tipo de cola, pegamento o producto qu\u00edmico a\u00f1adido.<\/p>\n<p>La biomasa por tanto es una forma de captaci\u00f3n de energ\u00eda y la \u00fanica fuente renovable que conlleva asimismo un almacenamiento, lo que la distingue de la energ\u00eda solar directa, la e\u00f3lica u otras que han de concentrarse y almacenarse artificialmente.<\/p>\n<p>As\u00ed pues, la materia org\u00e1nica (biomasa) constituye energ\u00eda solar almacenada.<\/p>\n<p>Alternativa Energ\u00e9tica, a los combustibles f\u00f3siles que degradan el medio ambiente.<br \/>Fuente de energ\u00eda renovable cal\u00f3rica y el\u00e9ctrica muy ecol\u00f3gica porque no fomenta la deforestaci\u00f3n ya que utiliza residuos de maderas.<br \/>No genera emisiones que afecten el calentamiento global.<\/p>\n<p>[\/et_pb_text][\/et_pb_column][\/et_pb_row][\/et_pb_section][et_pb_section fb_built=\u00bb1&#8243; admin_label=\u00bbNatural\u00bb module_id=\u00bbnatural\u00bb _builder_version=\u00bb4.8.1&#8243; _module_preset=\u00bbdefault\u00bb background_image=\u00bbhttps:\/\/dev.burpellet.com\/wp-content\/uploads\/2021\/03\/alternativaEnergetica.jpg\u00bb parallax=\u00bbon\u00bb][et_pb_row _builder_version=\u00bb4.8.1&#8243; _module_preset=\u00bbdefault\u00bb][et_pb_column type=\u00bb4_4&#8243; _builder_version=\u00bb4.8.1&#8243; _module_preset=\u00bbdefault\u00bb][et_pb_text _builder_version=\u00bb4.8.1&#8243; _module_preset=\u00bbdefault\u00bb text_text_color=\u00bb#FFFFFF\u00bb text_font_size=\u00bb16px\u00bb background_layout=\u00bbdark\u00bb]<\/p>\n<h2 style=\"text-align: center;\">Alternativa Energ\u00e9tica,<\/h2>\n<h3 style=\"text-align: center;\">a los combustibles f\u00f3siles que degradan el medio ambiente.<\/h3>\n<p style=\"text-align: center;\">Fuente de energ\u00eda renovable cal\u00f3rica y el\u00e9ctrica muy ecol\u00f3gica porque no fomenta la deforestaci\u00f3n ya que utiliza residuos de maderas.<br \/>No genera emisiones que afecten el calentamiento global.<\/p>\n<p>[\/et_pb_text][\/et_pb_column][\/et_pb_row][\/et_pb_section]<\/p>\n","protected":false},"excerpt":{"rendered":"<p>[et_pb_section fb_built=\u00bb1&#8243; fullwidth=\u00bbon\u00bb admin_label=\u00bbPage Header\u00bb _builder_version=\u00bb4.8.1&#8243; background_enable_color=\u00bboff\u00bb background_image=\u00bbhttps:\/\/dev.burpellet.com\/wp-content\/uploads\/2021\/03\/cabecera-calidad.png\u00bb parallax=\u00bbon\u00bb animation_direction=\u00bbtop\u00bb][et_pb_fullwidth_header title=\u00bbCalidad\u00bb subhead=\u00bbgesti\u00f3n forestal sostenible.\u00bb text_orientation=\u00bbcenter\u00bb admin_label=\u00bbHero Section\u00bb _builder_version=\u00bb4.8.1&#8243; title_level=\u00bbh2&#8243; title_font=\u00bbMontserrat|500|||||||\u00bb title_text_align=\u00bbleft\u00bb title_text_color=\u00bb#FFFFFF\u00bb title_font_size=\u00bb60px\u00bb title_line_height=\u00bb1.4em\u00bb content_font_size=\u00bb22px\u00bb content_line_height=\u00bb1.8em\u00bb subhead_font=\u00bb||||\u00bb subhead_text_align=\u00bbleft\u00bb subhead_text_color=\u00bb#FFFFFF\u00bb subhead_font_size=\u00bb24px\u00bb background_enable_color=\u00bboff\u00bb background_size=\u00bbinitial\u00bb background_position=\u00bbtop_left\u00bb background_repeat=\u00bbrepeat\u00bb custom_button_one=\u00bbon\u00bb button_one_text_size=\u00bb16px\u00bb button_one_bg_color=\u00bb#6eba01&#8243; button_one_border_width=\u00bb2px\u00bb button_one_border_color=\u00bb#6eba01&#8243; button_one_border_radius=\u00bb0&#8243; button_one_letter_spacing=\u00bb2&#8243; button_one_font=\u00bbMontserrat|||on|\u00bb button_one_use_icon=\u00bboff\u00bb custom_button_two=\u00bbon\u00bb button_two_text_size=\u00bb16px\u00bb button_two_border_width=\u00bb2px\u00bb button_two_border_color=\u00bb#ffffff\u00bb button_two_border_radius=\u00bb0&#8243; button_two_letter_spacing=\u00bb2&#8243; button_two_font=\u00bbMontserrat|||on|\u00bb button_two_use_icon=\u00bboff\u00bb module_alignment=\u00bbleft\u00bb animation_style=\u00bbfade\u00bb button_one_text_color_hover=\u00bb#6eba01&#8243; button_two_text_color_hover=\u00bb#6eba01&#8243; [&hellip;]<\/p>\n","protected":false},"author":2,"featured_media":0,"parent":0,"menu_order":0,"comment_status":"closed","ping_status":"closed","template":"","meta":{"_et_pb_use_builder":"on","_et_pb_old_content":"","_et_gb_content_width":"","footnotes":""},"class_list":["post-241","page","type-page","status-publish","hentry"],"yoast_head":"<!-- This site is optimized with the Yoast SEO plugin v15.9.2 - https:\/\/yoast.com\/wordpress\/plugins\/seo\/ -->\n<title>Ofrecemos las m\u00e1ximas garant\u00edas de calidad - Burpellet<\/title>\n<meta name=\"description\" content=\"Calidad. En Burpellet ofrecemos las m\u00e1ximas garant\u00edas, as\u00ed como una calidad extraordinaria del producto final y en el servicio al consumidor.\" \/>\n<link rel=\"canonical\" href=\"https:\/\/dev.burpellet.com\/index.php\/calidad\/\" \/>\n<meta property=\"og:locale\" content=\"es_ES\" \/>\n<meta property=\"og:type\" content=\"article\" \/>\n<meta property=\"og:title\" content=\"Ofrecemos las m\u00e1ximas garant\u00edas de calidad - Burpellet\" \/>\n<meta property=\"og:description\" content=\"Calidad. En Burpellet ofrecemos las m\u00e1ximas garant\u00edas, as\u00ed como una calidad extraordinaria del producto final y en el servicio al consumidor.\" \/>\n<meta property=\"og:url\" content=\"https:\/\/dev.burpellet.com\/index.php\/calidad\/\" \/>\n<meta property=\"og:site_name\" content=\"Burpellet\" \/>\n<meta property=\"article:modified_time\" content=\"2021-03-19T08:22:59+00:00\" \/>\n<meta name=\"twitter:card\" content=\"summary_large_image\" \/>\n<meta name=\"twitter:label1\" content=\"Tiempo de lectura\">\n\t<meta name=\"twitter:data1\" content=\"7 minutos\">\n<script type=\"application\/ld+json\" class=\"yoast-schema-graph\">{\"@context\":\"https:\/\/schema.org\",\"@graph\":[{\"@type\":\"WebSite\",\"@id\":\"https:\/\/dev.burpellet.com\/#website\",\"url\":\"https:\/\/dev.burpellet.com\/\",\"name\":\"Burpellet\",\"description\":\"Just another WordPress site\",\"potentialAction\":[{\"@type\":\"SearchAction\",\"target\":\"https:\/\/dev.burpellet.com\/?s={search_term_string}\",\"query-input\":\"required name=search_term_string\"}],\"inLanguage\":\"es\"},{\"@type\":\"WebPage\",\"@id\":\"https:\/\/dev.burpellet.com\/index.php\/calidad\/#webpage\",\"url\":\"https:\/\/dev.burpellet.com\/index.php\/calidad\/\",\"name\":\"Ofrecemos las m\\u00e1ximas garant\\u00edas de calidad - Burpellet\",\"isPartOf\":{\"@id\":\"https:\/\/dev.burpellet.com\/#website\"},\"datePublished\":\"2021-03-10T11:35:54+00:00\",\"dateModified\":\"2021-03-19T08:22:59+00:00\",\"description\":\"Calidad. En Burpellet ofrecemos las m\\u00e1ximas garant\\u00edas, as\\u00ed como una calidad extraordinaria del producto final y en el servicio al consumidor.\",\"breadcrumb\":{\"@id\":\"https:\/\/dev.burpellet.com\/index.php\/calidad\/#breadcrumb\"},\"inLanguage\":\"es\",\"potentialAction\":[{\"@type\":\"ReadAction\",\"target\":[\"https:\/\/dev.burpellet.com\/index.php\/calidad\/\"]}]},{\"@type\":\"BreadcrumbList\",\"@id\":\"https:\/\/dev.burpellet.com\/index.php\/calidad\/#breadcrumb\",\"itemListElement\":[{\"@type\":\"ListItem\",\"position\":1,\"item\":{\"@type\":\"WebPage\",\"@id\":\"https:\/\/dev.burpellet.com\/\",\"url\":\"https:\/\/dev.burpellet.com\/\",\"name\":\"Portada\"}},{\"@type\":\"ListItem\",\"position\":2,\"item\":{\"@type\":\"WebPage\",\"@id\":\"https:\/\/dev.burpellet.com\/index.php\/calidad\/\",\"url\":\"https:\/\/dev.burpellet.com\/index.php\/calidad\/\",\"name\":\"Calidad\"}}]}]}<\/script>\n<!-- \/ Yoast SEO plugin. -->","_links":{"self":[{"href":"https:\/\/dev.burpellet.com\/index.php\/wp-json\/wp\/v2\/pages\/241","targetHints":{"allow":["GET"]}}],"collection":[{"href":"https:\/\/dev.burpellet.com\/index.php\/wp-json\/wp\/v2\/pages"}],"about":[{"href":"https:\/\/dev.burpellet.com\/index.php\/wp-json\/wp\/v2\/types\/page"}],"author":[{"embeddable":true,"href":"https:\/\/dev.burpellet.com\/index.php\/wp-json\/wp\/v2\/users\/2"}],"replies":[{"embeddable":true,"href":"https:\/\/dev.burpellet.com\/index.php\/wp-json\/wp\/v2\/comments?post=241"}],"version-history":[{"count":28,"href":"https:\/\/dev.burpellet.com\/index.php\/wp-json\/wp\/v2\/pages\/241\/revisions"}],"predecessor-version":[{"id":922,"href":"https:\/\/dev.burpellet.com\/index.php\/wp-json\/wp\/v2\/pages\/241\/revisions\/922"}],"wp:attachment":[{"href":"https:\/\/dev.burpellet.com\/index.php\/wp-json\/wp\/v2\/media?parent=241"}],"curies":[{"name":"wp","href":"https:\/\/api.w.org\/{rel}","templated":true}]}}