{"id":132,"date":"2021-03-09T15:06:31","date_gmt":"2021-03-09T15:06:31","guid":{"rendered":"https:\/\/dev.burpellet.com\/?page_id=132"},"modified":"2021-03-19T09:20:12","modified_gmt":"2021-03-19T09:20:12","slug":"la-empresa","status":"publish","type":"page","link":"https:\/\/dev.burpellet.com\/index.php\/la-empresa\/","title":{"rendered":"La Empresa"},"content":{"rendered":"<p>[et_pb_section fb_built=\u00bb1&#8243; fullwidth=\u00bbon\u00bb admin_label=\u00bbPage Header\u00bb _builder_version=\u00bb4.8.1&#8243; background_enable_color=\u00bboff\u00bb use_background_color_gradient=\u00bbon\u00bb background_color_gradient_start=\u00bb#ffffff\u00bb background_color_gradient_end=\u00bb#000000&#8243; background_image=\u00bbhttps:\/\/dev.burpellet.com\/wp-content\/uploads\/2021\/03\/cabcera-quienes-somos.png\u00bb parallax=\u00bbon\u00bb animation_direction=\u00bbtop\u00bb][et_pb_fullwidth_header title=\u00bb\u00bfQui\u00e9nes somos?\u00bb subhead=\u00bbempresa con historia pero acorde a los nuevos tiempos\u00bb text_orientation=\u00bbcenter\u00bb admin_label=\u00bbHero Section\u00bb _builder_version=\u00bb4.8.1&#8243; title_level=\u00bbh2&#8243; title_font=\u00bbMontserrat|500|||||||\u00bb title_text_align=\u00bbleft\u00bb title_text_color=\u00bb#FFFFFF\u00bb title_font_size=\u00bb60px\u00bb title_line_height=\u00bb1.4em\u00bb content_font_size=\u00bb22px\u00bb content_line_height=\u00bb1.8em\u00bb subhead_font=\u00bb||||\u00bb subhead_text_align=\u00bbleft\u00bb subhead_text_color=\u00bb#FFFFFF\u00bb subhead_font_size=\u00bb24px\u00bb background_enable_color=\u00bboff\u00bb background_size=\u00bbinitial\u00bb background_position=\u00bbtop_left\u00bb background_repeat=\u00bbrepeat\u00bb custom_button_one=\u00bbon\u00bb button_one_text_size=\u00bb16px\u00bb button_one_bg_color=\u00bb#6eba01&#8243; button_one_border_width=\u00bb2px\u00bb button_one_border_color=\u00bb#6eba01&#8243; button_one_border_radius=\u00bb0&#8243; button_one_letter_spacing=\u00bb2&#8243; button_one_font=\u00bbMontserrat|||on|\u00bb button_one_use_icon=\u00bboff\u00bb custom_button_two=\u00bbon\u00bb button_two_text_size=\u00bb16px\u00bb button_two_border_width=\u00bb2px\u00bb button_two_border_color=\u00bb#ffffff\u00bb button_two_border_radius=\u00bb0&#8243; button_two_letter_spacing=\u00bb2&#8243; button_two_font=\u00bbMontserrat|||on|\u00bb button_two_use_icon=\u00bboff\u00bb module_alignment=\u00bbleft\u00bb animation_style=\u00bbfade\u00bb button_one_text_color_hover=\u00bb#6eba01&#8243; button_two_text_color_hover=\u00bb#6eba01&#8243; button_one_border_color_hover=\u00bb#ffffff\u00bb button_two_border_color_hover=\u00bb#ffffff\u00bb button_one_border_radius_hover=\u00bb0&#8243; button_two_border_radius_hover=\u00bb0&#8243; button_one_letter_spacing_hover=\u00bb2&#8243; button_two_letter_spacing_hover=\u00bb2&#8243; button_one_bg_color_hover=\u00bb#ffffff\u00bb button_two_bg_color_hover=\u00bb#ffffff\u00bb button_one_text_size__hover_enabled=\u00bboff\u00bb button_two_text_size__hover_enabled=\u00bboff\u00bb button_one_text_color__hover_enabled=\u00bbon\u00bb button_one_text_color__hover=\u00bb#6eba01&#8243; button_two_text_color__hover_enabled=\u00bbon\u00bb button_two_text_color__hover=\u00bb#6eba01&#8243; button_one_border_width__hover_enabled=\u00bboff\u00bb button_two_border_width__hover_enabled=\u00bboff\u00bb button_one_border_color__hover_enabled=\u00bbon\u00bb button_one_border_color__hover=\u00bb#ffffff\u00bb button_two_border_color__hover_enabled=\u00bbon\u00bb button_two_border_color__hover=\u00bb#ffffff\u00bb button_one_border_radius__hover_enabled=\u00bbon\u00bb button_one_border_radius__hover=\u00bb0&#8243; button_two_border_radius__hover_enabled=\u00bbon\u00bb button_two_border_radius__hover=\u00bb0&#8243; button_one_letter_spacing__hover_enabled=\u00bbon\u00bb button_one_letter_spacing__hover=\u00bb2&#8243; button_two_letter_spacing__hover_enabled=\u00bbon\u00bb button_two_letter_spacing__hover=\u00bb2&#8243; button_one_bg_color__hover_enabled=\u00bbon\u00bb button_one_bg_color__hover=\u00bb#ffffff\u00bb button_two_bg_color__hover_enabled=\u00bbon\u00bb button_two_bg_color__hover=\u00bb#ffffff\u00bb][\/et_pb_fullwidth_header][\/et_pb_section][et_pb_section fb_built=\u00bb1&#8243; admin_label=\u00bbhistoria\u00bb _builder_version=\u00bb4.8.1&#8243; background_enable_color=\u00bboff\u00bb use_background_color_gradient=\u00bbon\u00bb background_color_gradient_start=\u00bbrgba(255,255,255,0)\u00bb background_color_gradient_end=\u00bbrgba(255,255,255,0.61)\u00bb background_color_gradient_start_position=\u00bb10%\u00bb background_image=\u00bbhttps:\/\/dev.burpellet.com\/wp-content\/uploads\/2021\/03\/materias-1.png\u00bb background_blend=\u00bboverlay\u00bb hover_enabled=\u00bb0&#8243; sticky_enabled=\u00bb0&#8243;][et_pb_row column_structure=\u00bb1_2,1_2&#8243; module_id=\u00bbsomos\u00bb _builder_version=\u00bb4.8.1&#8243; background_size=\u00bbinitial\u00bb background_position=\u00bbtop_left\u00bb background_repeat=\u00bbrepeat\u00bb animation_style=\u00bbzoom\u00bb animation_duration=\u00bb1700ms\u00bb][et_pb_column type=\u00bb1_2&#8243; _builder_version=\u00bb3.25&#8243; custom_padding=\u00bb|||\u00bb custom_padding__hover=\u00bb|||\u00bb][et_pb_text module_id=\u00bbhistoriaSomos\u00bb _builder_version=\u00bb4.8.1&#8243; _module_preset=\u00bbdefault\u00bb text_text_color=\u00bb#727272&#8243;]<\/p>\n<h4>Historia<\/h4>\n<p>\u00a0A comienzos del siglo XX nace <strong>Hijos de Tom\u00e1s Mart\u00edn<\/strong>, en la Sierra de la Demanda como una empresa de car\u00e1cter familiar.<\/p>\n<p>Ochenta a\u00f1os despu\u00e9s, su tercera y cuarta generaci\u00f3n, se han decantado por una nueva oportunidad que, tanto el mercado como el medio ambiente, estaban demandando, una\u00a0<strong>energ\u00eda sostenible y renovable<\/strong>, capaz de ser una alternativa real a los combustibles f\u00f3siles.<\/p>\n<p><strong>En Octubre de 2011 echa a rodar BURPELLET<\/strong>, la marca bajo la cual comercializan el pellet producido en sus instalaciones.<\/p>\n<p>[\/et_pb_text][et_pb_image src=\u00bbhttps:\/\/dev.burpellet.com\/wp-content\/uploads\/2021\/03\/aerea.png\u00bb alt=\u00bbaerea\u00bb title_text=\u00bbaerea\u00bb module_id=\u00bbimagenSomos\u00bb _builder_version=\u00bb4.8.1&#8243; _module_preset=\u00bbdefault\u00bb][\/et_pb_image][\/et_pb_column][et_pb_column type=\u00bb1_2&#8243; _builder_version=\u00bb3.25&#8243; custom_padding=\u00bb|||\u00bb custom_padding__hover=\u00bb|||\u00bb][et_pb_text _builder_version=\u00bb4.8.1&#8243; _module_preset=\u00bbdefault\u00bb]<\/p>\n<h4>Hijos de Tom\u00e1s Mart\u00edn<\/h4>\n<p><strong>Los or\u00edgenes de la empresa datan de principios del siglo XX<\/strong>\u00a0cuando Tom\u00e1s Mart\u00edn \u00c1lvaro inicia su actividad en una peque\u00f1a carpinter\u00eda en la localidad de Do\u00f1a Santos. En 1991, se constituye como Sociedad Limitada dedicada a la explotaci\u00f3n forestal, aserrado y preparaci\u00f3n industrial de la madera .<\/p>\n<p>En toda la trayectoria de la empresa, el relevo ha sido tomado por los\u00a0<strong>sucesores de Tom\u00e1s Mart\u00edn<\/strong>, pasando primero a hijos, luego a nietos&#8230; hasta que casi un siglo despu\u00e9s, la tercera y la cuarta generaci\u00f3n, han dado un paso m\u00e1s ampliando sus horizontes encamin\u00e1ndose hacia la l\u00ednea del\u00a0<strong>desarrollo sostenible<\/strong>.<\/p>\n<p><strong>Actualmente<\/strong>, no s\u00f3lo gestiona uno de los\u00a0<strong>mayores aserraderos de transformaci\u00f3n primaria de madera<\/strong>\u00a0a nivel nacional, ya que desde Octubre de 2011 ha puesto en marcha su proyecto de valorizaci\u00f3n de los subproductos forestales generados en la propia industria de transformaci\u00f3n primaria que permiten el\u00a0<strong>aprovechamiento integral de la madera<\/strong>\u00a0(Burpellet Energ\u00eda Natural).<\/p>\n<p>Esta nueva l\u00ednea de negocio ha obtenido excelentes resultados tanto en la calidad de pellet como para la empresa, fruto de un gran esfuerzo por conseguir una mejora continua en todos los procesos.[\/et_pb_text][\/et_pb_column][\/et_pb_row][\/et_pb_section][et_pb_section fb_built=\u00bb1&#8243; _builder_version=\u00bb4.8.1&#8243; _module_preset=\u00bbdefault\u00bb background_image=\u00bbhttps:\/\/dev.burpellet.com\/wp-content\/uploads\/2021\/03\/parallax-bg-difuminado.jpg\u00bb][et_pb_row _builder_version=\u00bb4.8.1&#8243; _module_preset=\u00bbdefault\u00bb][et_pb_column type=\u00bb4_4&#8243; _builder_version=\u00bb4.8.1&#8243; _module_preset=\u00bbdefault\u00bb][et_pb_video src=\u00bbhttps:\/\/www.youtube.com\/watch?v=MBwvfBYLiHI&#038;feature=emb_title\u00bb _builder_version=\u00bb4.8.1&#8243; _module_preset=\u00bbdefault\u00bb][\/et_pb_video][\/et_pb_column][\/et_pb_row][\/et_pb_section][et_pb_section fb_built=\u00bb1&#8243; admin_label=\u00bbempresaVerde\u00bb module_id=\u00bbempresaVerde\u00bb _builder_version=\u00bb4.8.1&#8243; background_color=\u00bb#57aa51&#8243; background_enable_image=\u00bboff\u00bb parallax=\u00bbon\u00bb custom_padding=\u00bb90px||90px|\u00bb saved_tabs=\u00bball\u00bb][et_pb_row _builder_version=\u00bb4.8.1&#8243; _module_preset=\u00bbdefault\u00bb][et_pb_column type=\u00bb4_4&#8243; _builder_version=\u00bb4.8.1&#8243; _module_preset=\u00bbdefault\u00bb][et_pb_text _builder_version=\u00bb4.8.1&#8243; _module_preset=\u00bbdefault\u00bb text_text_color=\u00bb#FFFFFF\u00bb text_orientation=\u00bbcenter\u00bb]<\/p>\n<h2>Empresa con historia pero acorde a los nuevos tiempos<\/h2>\n<p>Hijos de Tom\u00e1s Mart\u00edn, S.L. es una empresa familiar con casi 80 a\u00f1os de historia pero rejuvenecida y adaptada a los nuevos tiempos y tecnolog\u00edas en su maquinaria y gama de productos.[\/et_pb_text][\/et_pb_column][\/et_pb_row][et_pb_row column_structure=\u00bb1_4,1_4,1_4,1_4&#8243; _builder_version=\u00bb4.8.1&#8243; _module_preset=\u00bbdefault\u00bb][et_pb_column type=\u00bb1_4&#8243; _builder_version=\u00bb4.8.1&#8243; _module_preset=\u00bbdefault\u00bb][et_pb_text admin_label=\u00bbTexto\u00bb module_class=\u00bbcuadro\u00bb _builder_version=\u00bb4.8.1&#8243; _module_preset=\u00bbdefault\u00bb]<\/p>\n<h3>Fomenta el desarrollo local<\/h3>\n<p>Empresa situada en un entorno rural que fomenta el empleo en zonas no urbanas.<\/p>\n<div class=\"icono\"><i class=\"fa fa-money\"><\/i><\/div>\n<p>[\/et_pb_text][\/et_pb_column][et_pb_column type=\u00bb1_4&#8243; _builder_version=\u00bb4.8.1&#8243; _module_preset=\u00bbdefault\u00bb][et_pb_text admin_label=\u00bbTexto\u00bb module_class=\u00bbcuadro\u00bb _builder_version=\u00bb4.8.1&#8243; _module_preset=\u00bbdefault\u00bb]<\/p>\n<h3>Oferta productos de m\u00e1xima calidad<br \/>\n<\/h3>\n<p>Capaz de producir un recurso energ\u00e9tico alternativo a los combustibles f\u00f3siles.\n<\/p>\n<div class=\"icono\"><i class=\"fa fa-star\"><\/i><\/div>\n<p>[\/et_pb_text][\/et_pb_column][et_pb_column type=\u00bb1_4&#8243; _builder_version=\u00bb4.8.1&#8243; _module_preset=\u00bbdefault\u00bb][et_pb_text admin_label=\u00bbTexto\u00bb module_class=\u00bbcuadro\u00bb _builder_version=\u00bb4.8.1&#8243; _module_preset=\u00bbdefault\u00bb]<\/p>\n<h3>Comprometida con el desarrollo sostenible<\/h3>\n<p>Favorece al medio ambiente y cuida el aspecto econ\u00f3mico (PEFC).\n<\/p>\n<div class=\"icono\"><i class=\"fa fa-tree\"><\/i><\/div>\n<p>[\/et_pb_text][\/et_pb_column][et_pb_column type=\u00bb1_4&#8243; _builder_version=\u00bb4.8.1&#8243; _module_preset=\u00bbdefault\u00bb][et_pb_text admin_label=\u00bbTexto\u00bb module_class=\u00bbcuadro\u00bb _builder_version=\u00bb4.8.1&#8243; _module_preset=\u00bbdefault\u00bb]<\/p>\n<h3>Oferta un recurso local para consumo local<\/h3>\n<p>Pretende satisfacer la demanda especialmente a nivel nacional.\n<\/p>\n<div class=\"icono\"><i class=\"fa fa-tag\"><\/i><\/div>\n<p>[\/et_pb_text][\/et_pb_column][\/et_pb_row][\/et_pb_section][et_pb_section fb_built=\u00bb1&#8243; admin_label=\u00bbNatural\u00bb module_id=\u00bbnatural\u00bb _builder_version=\u00bb4.8.1&#8243; _module_preset=\u00bbdefault\u00bb background_image=\u00bbhttps:\/\/dev.burpellet.com\/wp-content\/uploads\/2021\/03\/tex1.jpg\u00bb][et_pb_row column_structure=\u00bb1_2,1_2&#8243; _builder_version=\u00bb4.8.1&#8243; _module_preset=\u00bbdefault\u00bb][et_pb_column type=\u00bb1_2&#8243; _builder_version=\u00bb4.8.1&#8243; _module_preset=\u00bbdefault\u00bb][et_pb_image src=\u00bbhttps:\/\/dev.burpellet.com\/wp-content\/uploads\/2021\/03\/burpellet-din-plus-2.png\u00bb alt=\u00bbburpellet din plus 2&#8243; title_text=\u00bbburpellet din plus 2&#8243; _builder_version=\u00bb4.8.1&#8243; _module_preset=\u00bbdefault\u00bb][\/et_pb_image][\/et_pb_column][et_pb_column type=\u00bb1_2&#8243; _builder_version=\u00bb4.8.1&#8243; _module_preset=\u00bbdefault\u00bb][et_pb_text _builder_version=\u00bb4.8.1&#8243; _module_preset=\u00bbdefault\u00bb]<\/p>\n<h2>Burpellet Energ\u00eda Natural.<\/h2>\n<p> A comienzos del siglo XX nace Hijos de Tom\u00e1s Mart\u00edn , en la Sierra de la Demanda como una empresa de car\u00e1cter familiar.<\/p>\n<p>Ochenta a\u00f1os despu\u00e9s, su tercera y cuarta generaci\u00f3n, se han decantado por una nueva oportunidad que, tanto el mercado como el medio ambiente, estaban demandando, una <strong>energ\u00eda sostenible y renovable<\/strong>, capaz de ser una alternativa real a los combustibles f\u00f3siles.<\/p>\n<p><strong>En Octubre de 2011 echa a rodar BURPELLET<\/strong>, la marca bajo la cual comercializan el pellet producido en sus instalaciones.<\/p>\n<p>[\/et_pb_text][\/et_pb_column][\/et_pb_row][\/et_pb_section]<\/p>\n","protected":false},"excerpt":{"rendered":"<p>[et_pb_section fb_built=\u00bb1&#8243; fullwidth=\u00bbon\u00bb admin_label=\u00bbPage Header\u00bb _builder_version=\u00bb4.8.1&#8243; background_enable_color=\u00bboff\u00bb use_background_color_gradient=\u00bbon\u00bb background_color_gradient_start=\u00bb#ffffff\u00bb background_color_gradient_end=\u00bb#000000&#8243; background_image=\u00bbhttps:\/\/dev.burpellet.com\/wp-content\/uploads\/2021\/03\/cabcera-quienes-somos.png\u00bb parallax=\u00bbon\u00bb animation_direction=\u00bbtop\u00bb][et_pb_fullwidth_header title=\u00bb\u00bfQui\u00e9nes somos?\u00bb subhead=\u00bbempresa con historia pero acorde a los nuevos tiempos\u00bb text_orientation=\u00bbcenter\u00bb admin_label=\u00bbHero Section\u00bb _builder_version=\u00bb4.8.1&#8243; title_level=\u00bbh2&#8243; title_font=\u00bbMontserrat|500|||||||\u00bb title_text_align=\u00bbleft\u00bb title_text_color=\u00bb#FFFFFF\u00bb title_font_size=\u00bb60px\u00bb title_line_height=\u00bb1.4em\u00bb content_font_size=\u00bb22px\u00bb content_line_height=\u00bb1.8em\u00bb subhead_font=\u00bb||||\u00bb subhead_text_align=\u00bbleft\u00bb subhead_text_color=\u00bb#FFFFFF\u00bb subhead_font_size=\u00bb24px\u00bb background_enable_color=\u00bboff\u00bb background_size=\u00bbinitial\u00bb background_position=\u00bbtop_left\u00bb background_repeat=\u00bbrepeat\u00bb custom_button_one=\u00bbon\u00bb button_one_text_size=\u00bb16px\u00bb button_one_bg_color=\u00bb#6eba01&#8243; button_one_border_width=\u00bb2px\u00bb button_one_border_color=\u00bb#6eba01&#8243; button_one_border_radius=\u00bb0&#8243; button_one_letter_spacing=\u00bb2&#8243; button_one_font=\u00bbMontserrat|||on|\u00bb button_one_use_icon=\u00bboff\u00bb custom_button_two=\u00bbon\u00bb button_two_text_size=\u00bb16px\u00bb [&hellip;]<\/p>\n","protected":false},"author":2,"featured_media":0,"parent":0,"menu_order":0,"comment_status":"closed","ping_status":"closed","template":"","meta":{"_et_pb_use_builder":"on","_et_pb_old_content":"","_et_gb_content_width":"","footnotes":""},"class_list":["post-132","page","type-page","status-publish","hentry"],"yoast_head":"<!-- This site is optimized with the Yoast SEO plugin v15.9.2 - https:\/\/yoast.com\/wordpress\/plugins\/seo\/ -->\n<title>Empresa con historia pero acorde a los nuevos tiempos - Burpellet<\/title>\n<meta name=\"description\" content=\"Empresa con historia pero acorde a los nuevos tiempos, producimos una energ\u00eda sostenible y renovable. Hijos de Tom\u00e1s Mart\u00edn nace...\" \/>\n<link rel=\"canonical\" href=\"https:\/\/dev.burpellet.com\/index.php\/la-empresa\/\" \/>\n<meta property=\"og:locale\" content=\"es_ES\" \/>\n<meta property=\"og:type\" content=\"article\" \/>\n<meta property=\"og:title\" content=\"Empresa con historia pero acorde a los nuevos tiempos - Burpellet\" \/>\n<meta property=\"og:description\" content=\"Empresa con historia pero acorde a los nuevos tiempos, producimos una energ\u00eda sostenible y renovable. Hijos de Tom\u00e1s Mart\u00edn nace...\" \/>\n<meta property=\"og:url\" content=\"https:\/\/dev.burpellet.com\/index.php\/la-empresa\/\" \/>\n<meta property=\"og:site_name\" content=\"Burpellet\" \/>\n<meta property=\"article:modified_time\" content=\"2021-03-19T09:20:12+00:00\" \/>\n<meta name=\"twitter:card\" content=\"summary_large_image\" \/>\n<meta name=\"twitter:label1\" content=\"Tiempo de lectura\">\n\t<meta name=\"twitter:data1\" content=\"7 minutos\">\n<script type=\"application\/ld+json\" class=\"yoast-schema-graph\">{\"@context\":\"https:\/\/schema.org\",\"@graph\":[{\"@type\":\"WebSite\",\"@id\":\"https:\/\/dev.burpellet.com\/#website\",\"url\":\"https:\/\/dev.burpellet.com\/\",\"name\":\"Burpellet\",\"description\":\"Just another WordPress site\",\"potentialAction\":[{\"@type\":\"SearchAction\",\"target\":\"https:\/\/dev.burpellet.com\/?s={search_term_string}\",\"query-input\":\"required name=search_term_string\"}],\"inLanguage\":\"es\"},{\"@type\":\"WebPage\",\"@id\":\"https:\/\/dev.burpellet.com\/index.php\/la-empresa\/#webpage\",\"url\":\"https:\/\/dev.burpellet.com\/index.php\/la-empresa\/\",\"name\":\"Empresa con historia pero acorde a los nuevos tiempos - Burpellet\",\"isPartOf\":{\"@id\":\"https:\/\/dev.burpellet.com\/#website\"},\"datePublished\":\"2021-03-09T15:06:31+00:00\",\"dateModified\":\"2021-03-19T09:20:12+00:00\",\"description\":\"Empresa con historia pero acorde a los nuevos tiempos, producimos una energ\\u00eda sostenible y renovable. Hijos de Tom\\u00e1s Mart\\u00edn nace...\",\"breadcrumb\":{\"@id\":\"https:\/\/dev.burpellet.com\/index.php\/la-empresa\/#breadcrumb\"},\"inLanguage\":\"es\",\"potentialAction\":[{\"@type\":\"ReadAction\",\"target\":[\"https:\/\/dev.burpellet.com\/index.php\/la-empresa\/\"]}]},{\"@type\":\"BreadcrumbList\",\"@id\":\"https:\/\/dev.burpellet.com\/index.php\/la-empresa\/#breadcrumb\",\"itemListElement\":[{\"@type\":\"ListItem\",\"position\":1,\"item\":{\"@type\":\"WebPage\",\"@id\":\"https:\/\/dev.burpellet.com\/\",\"url\":\"https:\/\/dev.burpellet.com\/\",\"name\":\"Portada\"}},{\"@type\":\"ListItem\",\"position\":2,\"item\":{\"@type\":\"WebPage\",\"@id\":\"https:\/\/dev.burpellet.com\/index.php\/la-empresa\/\",\"url\":\"https:\/\/dev.burpellet.com\/index.php\/la-empresa\/\",\"name\":\"La Empresa\"}}]}]}<\/script>\n<!-- \/ Yoast SEO plugin. -->","_links":{"self":[{"href":"https:\/\/dev.burpellet.com\/index.php\/wp-json\/wp\/v2\/pages\/132","targetHints":{"allow":["GET"]}}],"collection":[{"href":"https:\/\/dev.burpellet.com\/index.php\/wp-json\/wp\/v2\/pages"}],"about":[{"href":"https:\/\/dev.burpellet.com\/index.php\/wp-json\/wp\/v2\/types\/page"}],"author":[{"embeddable":true,"href":"https:\/\/dev.burpellet.com\/index.php\/wp-json\/wp\/v2\/users\/2"}],"replies":[{"embeddable":true,"href":"https:\/\/dev.burpellet.com\/index.php\/wp-json\/wp\/v2\/comments?post=132"}],"version-history":[{"count":34,"href":"https:\/\/dev.burpellet.com\/index.php\/wp-json\/wp\/v2\/pages\/132\/revisions"}],"predecessor-version":[{"id":953,"href":"https:\/\/dev.burpellet.com\/index.php\/wp-json\/wp\/v2\/pages\/132\/revisions\/953"}],"wp:attachment":[{"href":"https:\/\/dev.burpellet.com\/index.php\/wp-json\/wp\/v2\/media?parent=132"}],"curies":[{"name":"wp","href":"https:\/\/api.w.org\/{rel}","templated":true}]}}